{"id":42540,"date":"2016-07-06T20:55:36","date_gmt":"2016-07-06T20:55:36","guid":{"rendered":"https:\/\/www.solargard.com\/tr\/?post_type=product&#038;p=42540"},"modified":"2017-05-03T11:39:41","modified_gmt":"2017-05-03T11:39:41","slug":"truevue","status":"publish","type":"product","link":"https:\/\/www.solargard.com\/tr\/product\/truevue\/","title":{"rendered":"TrueVue"},"content":{"rendered":"<div class=\"title1\">\n<p>Solar Gard TrueVue\u2122 cam filmi, g\u00fcnd\u00fcz ve gece boyunca etkileyici d\u0131\u015f manzaralar i\u00e7in ideal d\u00fczeyde \u015feffafl\u0131k sa\u011flar.<\/p>\n<p>TrueVue size \u015funlar\u0131 sunar:<\/p>\n<ul>\n<ul>\n<li>G\u00fcne\u015fin zararl\u0131 ultraviyole \u0131\u015f\u0131nlar\u0131na kar\u015f\u0131 koruma<\/li>\n<li>Konforunuzu art\u0131rmak i\u00e7in toplam g\u00fcne\u015f enerjisinin %82\u2019sine kadar\u0131n\u0131 engeller<\/li>\n<li>\u0130klimlendirme masraflar\u0131n\u0131 ve karbon ayak izinizi azalt\u0131r<\/li>\n<li>K\u0131zg\u0131n noktalar\u0131 ve d\u00fczensiz s\u0131cakl\u0131k b\u00f6lgelerini kontrol eder<\/li>\n<li>Par\u0131lt\u0131y\u0131 %94\u2019e kadar azalt\u0131r<\/li>\n<li>\u0130\u00e7 mekan\u0131n\u0131zdaki g\u00fcnd\u00fcz mahremiyetini art\u0131rman\u0131za yard\u0131mc\u0131 olur<\/li>\n<\/ul>\n<\/ul>\n<p>TrueVue d\u00f6rt farkl\u0131 tonda sunulmaktad\u0131r (5, 15, 30 ve 40), g\u00f6r\u00fcnt\u00fc ve g\u00fcne\u015ften korunmada se\u00e7enek sunar ve 10 y\u0131ll\u0131k ticari garantiye sahiptir.<\/p>\n<\/div>\n","protected":false},"excerpt":{"rendered":"<p>Solar Gard TrueVue\u2122 cam filmi, g\u00fcnd\u00fcz ve gece boyunca etkileyici d\u0131\u015f manzaralar i\u00e7in ideal d\u00fczeyde \u015feffafl\u0131k sa\u011flar. TrueVue size \u015funlar\u0131 sunar: G\u00fcne\u015fin zararl\u0131 ultraviyole \u0131\u015f\u0131nlar\u0131na kar\u015f\u0131 koruma Konforunuzu art\u0131rmak i\u00e7in toplam g\u00fcne\u015f enerjisinin %82\u2019sine kadar\u0131n\u0131 engeller \u0130klimlendirme masraflar\u0131n\u0131 ve karbon ayak izinizi azalt\u0131r K\u0131zg\u0131n noktalar\u0131 ve d\u00fczensiz s\u0131cakl\u0131k b\u00f6lgelerini kontrol eder Par\u0131lt\u0131y\u0131 %94\u2019e kadar azalt\u0131r &hellip; <a href=\"https:\/\/www.solargard.com\/tr\/product\/truevue\/\">Continued<\/a><\/p>\n","protected":false},"featured_media":42658,"comment_status":"open","ping_status":"closed","template":"","meta":{"_acf_changed":false},"product_brand":[],"product_cat":[1192,1183],"product_tag":[1488,1443,1503,1533],"class_list":{"0":"post-42540","1":"product","2":"type-product","3":"status-publish","4":"has-post-thumbnail","6":"product_cat-solar-control-tr","7":"product_cat-architectural-tr","8":"product_tag-heat-tr","9":"product_tag-home-tr","10":"product_tag-privacy-tr","11":"product_tag-reflective-tr","13":"first","14":"instock","15":"shipping-taxable","16":"product-type-simple"},"acf":[],"_links":{"self":[{"href":"https:\/\/www.solargard.com\/tr\/wp-json\/wp\/v2\/product\/42540","targetHints":{"allow":["GET"]}}],"collection":[{"href":"https:\/\/www.solargard.com\/tr\/wp-json\/wp\/v2\/product"}],"about":[{"href":"https:\/\/www.solargard.com\/tr\/wp-json\/wp\/v2\/types\/product"}],"replies":[{"embeddable":true,"href":"https:\/\/www.solargard.com\/tr\/wp-json\/wp\/v2\/comments?post=42540"}],"wp:featuredmedia":[{"embeddable":true,"href":"https:\/\/www.solargard.com\/tr\/wp-json\/wp\/v2\/media\/42658"}],"wp:attachment":[{"href":"https:\/\/www.solargard.com\/tr\/wp-json\/wp\/v2\/media?parent=42540"}],"wp:term":[{"taxonomy":"product_brand","embeddable":true,"href":"https:\/\/www.solargard.com\/tr\/wp-json\/wp\/v2\/product_brand?post=42540"},{"taxonomy":"product_cat","embeddable":true,"href":"https:\/\/www.solargard.com\/tr\/wp-json\/wp\/v2\/product_cat?post=42540"},{"taxonomy":"product_tag","embeddable":true,"href":"https:\/\/www.solargard.com\/tr\/wp-json\/wp\/v2\/product_tag?post=42540"}],"curies":[{"name":"wp","href":"https:\/\/api.w.org\/{rel}","templated":true}]}}