{"id":42541,"date":"2014-11-03T12:58:48","date_gmt":"2014-11-03T19:58:48","guid":{"rendered":"https:\/\/www.solargard.com\/tr\/?post_type=product&#038;p=42541"},"modified":"2019-05-20T01:55:16","modified_gmt":"2019-05-20T08:55:16","slug":"panorama-sterling","status":"publish","type":"product","link":"https:\/\/www.solargard.com\/tr\/product\/panorama-sterling\/","title":{"rendered":"Panorama Sterling"},"content":{"rendered":"<div class=\"title1\">\n<p>Panorama Sterling Serisi: \u201cSpektral Se\u00e7icilik\u201d teknolojisi y\u00fcksek oranda \u0131s\u0131 enerjisini geri yans\u0131t\u0131rken do\u011fal \u0131\u015f\u0131\u011f\u0131n i\u00e7eri al\u0131nmas\u0131n\u0131 sa\u011flar. Seride 6 farkl\u0131 \u0131\u015f\u0131k ge\u00e7irgenli\u011fi seviyesinde renksizden koyu tona kadar farkl\u0131 \u00e7e\u015fitte \u00fcr\u00fcn bulunmaktad\u0131r.<\/p>\n<p><strong>Temel Faydalar\u0131<\/strong><\/p>\n<ul>\n<li>\u201cSpektral Se\u00e7icilik\u201d teknolojisi \u0131s\u0131y\u0131 d\u0131\u015farda tutarak do\u011fal \u0131\u015f\u0131\u011f\u0131n i\u00e7eri al\u0131nmas\u0131n\u0131 sa\u011flar<\/li>\n<li>Y\u00fcksek \u0131s\u0131n\u0131n d\u0131\u015farda tutulmas\u0131 ile i\u00e7 mekan konforu artt\u0131r\u0131r, enerji sarrufuna destek olur<\/li>\n<li>Zararl\u0131 UV \u0131\u015f\u0131nkar\u0131na kar\u015f\u0131 koruyucular ile i\u00e7 mekan\u0131n ve ya\u015fayanlar\u0131n zarar g\u00f6rmesini engeller.<\/li>\n<\/ul>\n<\/div>\n","protected":false},"excerpt":{"rendered":"<p>Panorama Sterling Serisi: \u201cSpektral Se\u00e7icilik\u201d teknolojisi y\u00fcksek oranda \u0131s\u0131 enerjisini geri yans\u0131t\u0131rken do\u011fal \u0131\u015f\u0131\u011f\u0131n i\u00e7eri al\u0131nmas\u0131n\u0131 sa\u011flar. Seride 6 farkl\u0131 \u0131\u015f\u0131k ge\u00e7irgenli\u011fi seviyesinde renksizden koyu tona kadar farkl\u0131 \u00e7e\u015fitte \u00fcr\u00fcn bulunmaktad\u0131r. Temel Faydalar\u0131 \u201cSpektral Se\u00e7icilik\u201d teknolojisi \u0131s\u0131y\u0131 d\u0131\u015farda tutarak do\u011fal \u0131\u015f\u0131\u011f\u0131n i\u00e7eri al\u0131nmas\u0131n\u0131 sa\u011flar Y\u00fcksek \u0131s\u0131n\u0131n d\u0131\u015farda tutulmas\u0131 ile i\u00e7 mekan konforu artt\u0131r\u0131r, enerji sarrufuna &hellip; <a href=\"https:\/\/www.solargard.com\/tr\/product\/panorama-sterling\/\">Continued<\/a><\/p>\n","protected":false},"featured_media":42669,"comment_status":"open","ping_status":"closed","template":"","meta":{"_acf_changed":false},"product_brand":[],"product_cat":[1192,1183],"product_tag":[1473,1488,1443,1533],"class_list":{"0":"post-42541","1":"product","2":"type-product","3":"status-publish","4":"has-post-thumbnail","6":"product_cat-solar-control-tr","7":"product_cat-architectural-tr","8":"product_tag-glare-tr","9":"product_tag-heat-tr","10":"product_tag-home-tr","11":"product_tag-reflective-tr","13":"first","14":"outofstock","15":"shipping-taxable","16":"product-type-simple"},"acf":[],"_links":{"self":[{"href":"https:\/\/www.solargard.com\/tr\/wp-json\/wp\/v2\/product\/42541","targetHints":{"allow":["GET"]}}],"collection":[{"href":"https:\/\/www.solargard.com\/tr\/wp-json\/wp\/v2\/product"}],"about":[{"href":"https:\/\/www.solargard.com\/tr\/wp-json\/wp\/v2\/types\/product"}],"replies":[{"embeddable":true,"href":"https:\/\/www.solargard.com\/tr\/wp-json\/wp\/v2\/comments?post=42541"}],"wp:featuredmedia":[{"embeddable":true,"href":"https:\/\/www.solargard.com\/tr\/wp-json\/wp\/v2\/media\/42669"}],"wp:attachment":[{"href":"https:\/\/www.solargard.com\/tr\/wp-json\/wp\/v2\/media?parent=42541"}],"wp:term":[{"taxonomy":"product_brand","embeddable":true,"href":"https:\/\/www.solargard.com\/tr\/wp-json\/wp\/v2\/product_brand?post=42541"},{"taxonomy":"product_cat","embeddable":true,"href":"https:\/\/www.solargard.com\/tr\/wp-json\/wp\/v2\/product_cat?post=42541"},{"taxonomy":"product_tag","embeddable":true,"href":"https:\/\/www.solargard.com\/tr\/wp-json\/wp\/v2\/product_tag?post=42541"}],"curies":[{"name":"wp","href":"https:\/\/api.w.org\/{rel}","templated":true}]}}