{"id":42542,"date":"2016-07-06T13:58:53","date_gmt":"2016-07-06T20:58:53","guid":{"rendered":"https:\/\/www.solargard.com\/tr\/?post_type=product&#038;p=42542"},"modified":"2019-04-24T11:29:06","modified_gmt":"2019-04-24T18:29:06","slug":"autumn-bronze","status":"publish","type":"product","link":"https:\/\/www.solargard.com\/tr\/product\/autumn-bronze\/","title":{"rendered":"Autumn Bronze"},"content":{"rendered":"<div class=\"title1\">Autumn Bronze da \u00e7ift yans\u0131tmal\u0131 bir filmdir, fakat bak\u0131r bir tabaka i\u00e7erir. Sonu\u00e7 yumu\u015fak, g\u00fcne\u015f enerjisinin %66\u2019\u0131n\u0131 geri \u00e7eviren ve %34 g\u00f6r\u00fclebilir \u0131\u015f\u0131k ge\u00e7i\u015fine sahip alt\u0131n sar\u0131s\u0131 bir film. Bu film \u00e7ok y\u00fcksek parlaman\u0131n oldu\u011fu ve ayr\u0131ca minimum gece zaman\u0131 yans\u0131mas\u0131n\u0131n gerekli oldu\u011fu uygulamalar i\u00e7in idealdir. Ve o ayr\u0131ca binalar\u0131n tu\u011fla cephesi g\u00f6r\u00fcnt\u00fcs\u00fcn\u00fc g\u00fczelle\u015ftirmek i\u00e7in kullan\u0131l\u0131r.<\/div>\n","protected":false},"excerpt":{"rendered":"<p>Autumn Bronze da \u00e7ift yans\u0131tmal\u0131 bir filmdir, fakat bak\u0131r bir tabaka i\u00e7erir. Sonu\u00e7 yumu\u015fak, g\u00fcne\u015f enerjisinin %66\u2019\u0131n\u0131 geri \u00e7eviren ve %34 g\u00f6r\u00fclebilir \u0131\u015f\u0131k ge\u00e7i\u015fine sahip alt\u0131n sar\u0131s\u0131 bir film. Bu film \u00e7ok y\u00fcksek parlaman\u0131n oldu\u011fu ve ayr\u0131ca minimum gece zaman\u0131 yans\u0131mas\u0131n\u0131n gerekli oldu\u011fu uygulamalar i\u00e7in idealdir. Ve o ayr\u0131ca binalar\u0131n tu\u011fla cephesi g\u00f6r\u00fcnt\u00fcs\u00fcn\u00fc g\u00fczelle\u015ftirmek i\u00e7in &hellip; <a href=\"https:\/\/www.solargard.com\/tr\/product\/autumn-bronze\/\">Continued<\/a><\/p>\n","protected":false},"featured_media":42683,"comment_status":"open","ping_status":"closed","template":"","meta":{"_acf_changed":false},"product_brand":[],"product_cat":[1192,1183],"product_tag":[1458,1488,1503,1533],"class_list":{"0":"post-42542","1":"product","2":"type-product","3":"status-publish","4":"has-post-thumbnail","6":"product_cat-solar-control-tr","7":"product_cat-architectural-tr","8":"product_tag-commercial-tr","9":"product_tag-heat-tr","10":"product_tag-privacy-tr","11":"product_tag-reflective-tr","13":"first","14":"outofstock","15":"shipping-taxable","16":"product-type-simple"},"acf":[],"_links":{"self":[{"href":"https:\/\/www.solargard.com\/tr\/wp-json\/wp\/v2\/product\/42542","targetHints":{"allow":["GET"]}}],"collection":[{"href":"https:\/\/www.solargard.com\/tr\/wp-json\/wp\/v2\/product"}],"about":[{"href":"https:\/\/www.solargard.com\/tr\/wp-json\/wp\/v2\/types\/product"}],"replies":[{"embeddable":true,"href":"https:\/\/www.solargard.com\/tr\/wp-json\/wp\/v2\/comments?post=42542"}],"wp:featuredmedia":[{"embeddable":true,"href":"https:\/\/www.solargard.com\/tr\/wp-json\/wp\/v2\/media\/42683"}],"wp:attachment":[{"href":"https:\/\/www.solargard.com\/tr\/wp-json\/wp\/v2\/media?parent=42542"}],"wp:term":[{"taxonomy":"product_brand","embeddable":true,"href":"https:\/\/www.solargard.com\/tr\/wp-json\/wp\/v2\/product_brand?post=42542"},{"taxonomy":"product_cat","embeddable":true,"href":"https:\/\/www.solargard.com\/tr\/wp-json\/wp\/v2\/product_cat?post=42542"},{"taxonomy":"product_tag","embeddable":true,"href":"https:\/\/www.solargard.com\/tr\/wp-json\/wp\/v2\/product_tag?post=42542"}],"curies":[{"name":"wp","href":"https:\/\/api.w.org\/{rel}","templated":true}]}}