{"id":47883,"date":"2014-11-03T19:57:03","date_gmt":"2014-11-03T19:57:03","guid":{"rendered":"https:\/\/www.solargard.com\/tr\/product\/ulr\/"},"modified":"2018-05-23T16:27:50","modified_gmt":"2018-05-23T16:27:50","slug":"ulr","status":"publish","type":"product","link":"https:\/\/www.solargard.com\/tr\/product\/ulr\/","title":{"rendered":"ULR Low Reflectivity"},"content":{"rendered":"<p align=\"left\">Solar Gard\u2019\u0131n yeni ULR cam filmi, g\u00fcnd\u00fcz ve gece i\u00e7in \u00fcst d\u00fczey g\u00f6r\u00fcn\u00fcrl\u00fck sa\u011flar. Ayr\u0131ca ULR, cilte ve m\u00fclkiyete zararl\u0131 olabilecek olan UV-A ve UV-B \u0131\u015f\u0131nlar\u0131na %99\u2019a kadar engeller. Bu \u00fcr\u00fcn, Solar Gard\u2019\u0131n kalite ve uzun \u00f6m\u00fcr temin eden \u00f6nc\u00fc garantisi taraf\u0131ndan desteklenmektedir.<\/p>\n<p>Solar Gard\u2019\u0131n yeni ULR cam filmi, kalite ve uzun \u00f6mr\u00fc teminen Solar Gard\u2019\u0131n \u00f6nc\u00fc garantisi taraf\u0131ndan desteklenen y\u00fcksek \u0131s\u0131 engelleme \u00f6zellikli metalsiz bir filmdir.<\/p>\n<p><strong>\u00d6zellikler ve Avantajlar:<\/strong><\/p>\n<ul>\n<li>Ultra-d\u00fc\u015f\u00fck yans\u0131t\u0131rl\u0131k<\/li>\n<li>Zararl\u0131 UVA ve UVB \u0131\u015f\u0131nlar\u0131n\u0131n %99\u2019una kadar\u0131n\u0131 engeller<\/li>\n<li>Cilt Kanseri Vakf\u0131 taraf\u0131ndan tavsiye edilmektedir<\/li>\n<li>G\u00f6r\u00fcn\u00fcrl\u00fck d\u00fczeyinin de\u011fi\u015fmemesi i\u00e7in sekt\u00f6rdeki en \u00fcst d\u00fczey \u015feffafl\u0131\u011f\u0131 sunar<\/li>\n<li>Uzun \u00fcr\u00fcn \u00f6mr\u00fc i\u00e7in \u00e7izilmeye dayan\u0131kl\u0131 \u00fcst\u00fcn kaplama<\/li>\n<li>A\u015f\u0131r\u0131 ve ola\u011fand\u0131\u015f\u0131 renk de\u011fi\u015fimine kar\u015f\u0131 garantili<\/li>\n<\/ul>\n<p align=\"left\">URL \u00fc\u00e7 farkl\u0131 tonda (20, 40 ve 70) temin edilir. Ayr\u0131ca s\u0131n\u0131rl\u0131 \u00f6m\u00fcrl\u00fc konut garantisi ve 12 y\u0131ll\u0131k ofis garantisi verilir.<\/p>\n","protected":false},"excerpt":{"rendered":"<p>Solar Gard\u2019\u0131n yeni ULR cam filmi, g\u00fcnd\u00fcz ve gece i\u00e7in \u00fcst d\u00fczey g\u00f6r\u00fcn\u00fcrl\u00fck sa\u011flar. Ayr\u0131ca ULR, cilte ve m\u00fclkiyete zararl\u0131 olabilecek olan UV-A ve UV-B \u0131\u015f\u0131nlar\u0131na %99\u2019a kadar engeller. Bu \u00fcr\u00fcn, Solar Gard\u2019\u0131n kalite ve uzun \u00f6m\u00fcr temin eden \u00f6nc\u00fc garantisi taraf\u0131ndan desteklenmektedir. Solar Gard\u2019\u0131n yeni ULR cam filmi, kalite ve uzun \u00f6mr\u00fc teminen Solar &hellip; <a href=\"https:\/\/www.solargard.com\/tr\/product\/ulr\/\">Continued<\/a><\/p>\n","protected":false},"featured_media":44715,"comment_status":"open","ping_status":"closed","template":"","meta":{"_acf_changed":false},"product_brand":[],"product_cat":[1192,1183],"product_tag":[1548,1458,1473,1675],"class_list":{"0":"post-47883","1":"product","2":"type-product","3":"status-publish","4":"has-post-thumbnail","6":"product_cat-solar-control-tr","7":"product_cat-architectural-tr","8":"product_tag-black-grey-tr","9":"product_tag-commercial-tr","10":"product_tag-glare-tr","11":"product_tag-neutral-tr","13":"first","14":"outofstock","15":"shipping-taxable","16":"product-type-simple"},"acf":[],"_links":{"self":[{"href":"https:\/\/www.solargard.com\/tr\/wp-json\/wp\/v2\/product\/47883","targetHints":{"allow":["GET"]}}],"collection":[{"href":"https:\/\/www.solargard.com\/tr\/wp-json\/wp\/v2\/product"}],"about":[{"href":"https:\/\/www.solargard.com\/tr\/wp-json\/wp\/v2\/types\/product"}],"replies":[{"embeddable":true,"href":"https:\/\/www.solargard.com\/tr\/wp-json\/wp\/v2\/comments?post=47883"}],"wp:featuredmedia":[{"embeddable":true,"href":"https:\/\/www.solargard.com\/tr\/wp-json\/wp\/v2\/media\/44715"}],"wp:attachment":[{"href":"https:\/\/www.solargard.com\/tr\/wp-json\/wp\/v2\/media?parent=47883"}],"wp:term":[{"taxonomy":"product_brand","embeddable":true,"href":"https:\/\/www.solargard.com\/tr\/wp-json\/wp\/v2\/product_brand?post=47883"},{"taxonomy":"product_cat","embeddable":true,"href":"https:\/\/www.solargard.com\/tr\/wp-json\/wp\/v2\/product_cat?post=47883"},{"taxonomy":"product_tag","embeddable":true,"href":"https:\/\/www.solargard.com\/tr\/wp-json\/wp\/v2\/product_tag?post=47883"}],"curies":[{"name":"wp","href":"https:\/\/api.w.org\/{rel}","templated":true}]}}