{"id":47887,"date":"2014-11-03T19:57:57","date_gmt":"2014-11-03T19:57:57","guid":{"rendered":"https:\/\/www.solargard.com\/tr\/product\/quantum\/"},"modified":"2024-03-18T09:18:06","modified_gmt":"2024-03-18T17:18:06","slug":"quantum","status":"publish","type":"product","link":"https:\/\/www.solargard.com\/tr\/product\/quantum\/","title":{"rendered":"Quantum"},"content":{"rendered":"<p align=\"left\"><span>Patentli Quantum g\u00f6lgelendirmeleri, maksimum \u0131s\u0131 kontrol\u00fc ve renk sabitli\u011fi i\u00e7in tamamen metalize haldedir. Boyal\u0131 tabakalardan olu\u015fan geleneksel g\u00f6lgelendirmelerin aksine Quantum g\u00f6lgelendirmeleri, ofis uygulamalar\u0131nda, ofisiniz veya binan\u0131z var oldu\u011fu s\u00fcrece renk de\u011fi\u015ftirmeme garantilidir. <\/span><\/p>\n<p><span>Quantum g\u00f6lgelendirmeleri, y\u00fcksek d\u00fczeyde \u0131s\u0131 ve par\u0131lt\u0131 engelleme olana\u011f\u0131 sunar ve kaza kaynakl\u0131 k\u0131r\u0131lmaya ve haneye tecav\u00fczlere kar\u015f\u0131 ilave koruma temin etmek i\u00e7in g\u00fcvenlik g\u00f6lgelendirmesi katmanlar\u0131nda mevcuttur. Quantum g\u00f6lgelendirmeleri, d\u00fc\u015f\u00fck d\u00fczeyde yans\u0131t\u0131c\u0131l\u0131k sunar, b\u00f6ylece gece veya g\u00fcnd\u00fcz boyunca bir ayna g\u00f6r\u00fcnt\u00fcs\u00fcyle ya\u015famak zorunda kalmazs\u0131n\u0131z.<\/span><\/p>\n","protected":false},"excerpt":{"rendered":"<p>Patentli Quantum g\u00f6lgelendirmeleri, maksimum \u0131s\u0131 kontrol\u00fc ve renk sabitli\u011fi i\u00e7in tamamen metalize haldedir. Boyal\u0131 tabakalardan olu\u015fan geleneksel g\u00f6lgelendirmelerin aksine Quantum g\u00f6lgelendirmeleri, ofis uygulamalar\u0131nda, ofisiniz veya binan\u0131z var oldu\u011fu s\u00fcrece renk de\u011fi\u015ftirmeme garantilidir. Quantum g\u00f6lgelendirmeleri, y\u00fcksek d\u00fczeyde \u0131s\u0131 ve par\u0131lt\u0131 engelleme olana\u011f\u0131 sunar ve kaza kaynakl\u0131 k\u0131r\u0131lmaya ve haneye tecav\u00fczlere kar\u015f\u0131 ilave koruma temin etmek i\u00e7in &hellip; <a href=\"https:\/\/www.solargard.com\/tr\/product\/quantum\/\">Continued<\/a><\/p>\n","protected":false},"featured_media":44590,"comment_status":"open","ping_status":"closed","template":"","meta":{"_acf_changed":false},"product_brand":[],"product_cat":[1192,1183],"product_tag":[],"class_list":{"0":"post-47887","1":"product","2":"type-product","3":"status-publish","4":"has-post-thumbnail","6":"product_cat-solar-control-tr","7":"product_cat-architectural-tr","9":"first","10":"outofstock","11":"shipping-taxable","12":"product-type-simple"},"acf":[],"_links":{"self":[{"href":"https:\/\/www.solargard.com\/tr\/wp-json\/wp\/v2\/product\/47887","targetHints":{"allow":["GET"]}}],"collection":[{"href":"https:\/\/www.solargard.com\/tr\/wp-json\/wp\/v2\/product"}],"about":[{"href":"https:\/\/www.solargard.com\/tr\/wp-json\/wp\/v2\/types\/product"}],"replies":[{"embeddable":true,"href":"https:\/\/www.solargard.com\/tr\/wp-json\/wp\/v2\/comments?post=47887"}],"wp:featuredmedia":[{"embeddable":true,"href":"https:\/\/www.solargard.com\/tr\/wp-json\/wp\/v2\/media\/44590"}],"wp:attachment":[{"href":"https:\/\/www.solargard.com\/tr\/wp-json\/wp\/v2\/media?parent=47887"}],"wp:term":[{"taxonomy":"product_brand","embeddable":true,"href":"https:\/\/www.solargard.com\/tr\/wp-json\/wp\/v2\/product_brand?post=47887"},{"taxonomy":"product_cat","embeddable":true,"href":"https:\/\/www.solargard.com\/tr\/wp-json\/wp\/v2\/product_cat?post=47887"},{"taxonomy":"product_tag","embeddable":true,"href":"https:\/\/www.solargard.com\/tr\/wp-json\/wp\/v2\/product_tag?post=47887"}],"curies":[{"name":"wp","href":"https:\/\/api.w.org\/{rel}","templated":true}]}}