{"id":47989,"date":"2014-11-03T19:54:45","date_gmt":"2014-11-03T19:54:45","guid":{"rendered":"https:\/\/www.solargard.com\/tr\/product\/hp-quantum\/"},"modified":"2016-09-14T12:31:12","modified_gmt":"2016-09-14T12:31:12","slug":"hp-quantum","status":"publish","type":"product","link":"https:\/\/www.solargard.com\/tr\/product\/hp-quantum\/","title":{"rendered":"HP Quantum"},"content":{"rendered":"<h2><span>Quantum\u00ae: Performance Serisi &#8211;\u00a0<\/span>Arad\u0131\u011f\u0131n\u0131z teknolojiye sahip, arac\u0131n\u0131z\u0131 daha iyi hale getiren \u015f\u0131k renk tonlar\u0131<\/h2>\n<div>\n<div class=\"title1\">\n<p>Patentli t\u00fcm\u00fcyle metal Solar Gard Quantum cam filmleri serimiz, \u00e7\u0131\u011f\u0131r a\u00e7an bir teknolojinin kullan\u0131lmas\u0131yla olu\u015fturulmu\u015ftur. Quantum cam filmlerimize titanyum, paslanmaz \u00e7elik, bak\u0131r, alt\u0131n, g\u00fcm\u00fc\u015f, inconel, krom, al\u00fcminyum ve di\u011fer ala\u015f\u0131mlar gibi dayan\u0131kl\u0131 ve egzotik metallerle p\u00fcsk\u00fcrtme-metalize uygulayarak Quantum serisindeki t\u00fcm \u00fcr\u00fcnlerin, arac\u0131n\u0131z\u0131n g\u00f6r\u00fcnt\u00fcs\u00fcn\u00fc g\u00fczelle\u015ftirecek \u015f\u0131k renk tonlar\u0131na sahip olmas\u0131n\u0131 temin ediyoruz. Metalize renk kal\u0131c\u0131d\u0131r; \u0131s\u0131 engelleme performans\u0131 rakipsizdir ve bu filmlerin \u00fcr\u00fcn \u00f6mr\u00fc, siz arac\u0131n\u0131z\u0131 elinizde tuttuk\u00e7a devam edecektir!<\/p>\n<p><strong>\u00d6zellikleri ve Avantajlar\u0131<\/strong><\/p>\n<ul>\n<ul>\n<li>Solmaya ve renk de\u011fi\u015fimine kar\u015f\u0131 garantili<\/li>\n<li>M\u00fckemmel par\u0131lt\u0131 azaltma<\/li>\n<li>Daha iyi cam berrakl\u0131\u011f\u0131<\/li>\n<li>T\u00fcm ultraviyole \u0131\u015f\u0131nlar\u0131n\u0131n %99\u2019undan fazlas\u0131n\u0131 engeller<\/li>\n<li>Bak\u0131ma gerek b\u0131rakmayan, \u00e7izilmeyi \u00f6nleyen kaplama<\/li>\n<li>S\u0131n\u0131rl\u0131 \u00f6m\u00fcr boyu garanti<\/li>\n<\/ul>\n<\/ul>\n<\/div>\n<\/div>\n","protected":false},"excerpt":{"rendered":"<p>Quantum\u00ae: Performance Serisi &#8211;\u00a0Arad\u0131\u011f\u0131n\u0131z teknolojiye sahip, arac\u0131n\u0131z\u0131 daha iyi hale getiren \u015f\u0131k renk tonlar\u0131 Patentli t\u00fcm\u00fcyle metal Solar Gard Quantum cam filmleri serimiz, \u00e7\u0131\u011f\u0131r a\u00e7an bir teknolojinin kullan\u0131lmas\u0131yla olu\u015fturulmu\u015ftur. Quantum cam filmlerimize titanyum, paslanmaz \u00e7elik, bak\u0131r, alt\u0131n, g\u00fcm\u00fc\u015f, inconel, krom, al\u00fcminyum ve di\u011fer ala\u015f\u0131mlar gibi dayan\u0131kl\u0131 ve egzotik metallerle p\u00fcsk\u00fcrtme-metalize uygulayarak Quantum serisindeki t\u00fcm \u00fcr\u00fcnlerin, &hellip; <a href=\"https:\/\/www.solargard.com\/tr\/product\/hp-quantum\/\">Continued<\/a><\/p>\n","protected":false},"featured_media":98814,"comment_status":"open","ping_status":"closed","template":"","meta":{"_acf_changed":false},"product_brand":[],"product_cat":[1193,1194],"product_tag":[1605,1660,1646,1577],"class_list":{"0":"post-47989","1":"product","2":"type-product","3":"status-publish","4":"has-post-thumbnail","6":"product_cat-automotive-tr","7":"product_cat-high-performance-tr","8":"product_tag-color-stability-tr","9":"product_tag-dark-tint-tr","10":"product_tag-medium-tint-tr","11":"product_tag-staying-cool-tr","13":"first","14":"outofstock","15":"shipping-taxable","16":"product-type-simple"},"acf":[],"_links":{"self":[{"href":"https:\/\/www.solargard.com\/tr\/wp-json\/wp\/v2\/product\/47989","targetHints":{"allow":["GET"]}}],"collection":[{"href":"https:\/\/www.solargard.com\/tr\/wp-json\/wp\/v2\/product"}],"about":[{"href":"https:\/\/www.solargard.com\/tr\/wp-json\/wp\/v2\/types\/product"}],"replies":[{"embeddable":true,"href":"https:\/\/www.solargard.com\/tr\/wp-json\/wp\/v2\/comments?post=47989"}],"wp:featuredmedia":[{"embeddable":true,"href":"https:\/\/www.solargard.com\/tr\/wp-json\/wp\/v2\/media\/98814"}],"wp:attachment":[{"href":"https:\/\/www.solargard.com\/tr\/wp-json\/wp\/v2\/media?parent=47989"}],"wp:term":[{"taxonomy":"product_brand","embeddable":true,"href":"https:\/\/www.solargard.com\/tr\/wp-json\/wp\/v2\/product_brand?post=47989"},{"taxonomy":"product_cat","embeddable":true,"href":"https:\/\/www.solargard.com\/tr\/wp-json\/wp\/v2\/product_cat?post=47989"},{"taxonomy":"product_tag","embeddable":true,"href":"https:\/\/www.solargard.com\/tr\/wp-json\/wp\/v2\/product_tag?post=47989"}],"curies":[{"name":"wp","href":"https:\/\/api.w.org\/{rel}","templated":true}]}}