{"id":47992,"date":"2014-11-03T12:55:17","date_gmt":"2014-11-03T19:55:17","guid":{"rendered":"https:\/\/www.solargard.com\/tr\/product\/hp-charcoal\/"},"modified":"2019-04-02T23:31:36","modified_gmt":"2019-04-03T06:31:36","slug":"hp-charcoal","status":"publish","type":"product","link":"https:\/\/www.solargard.com\/tr\/product\/hp-charcoal\/","title":{"rendered":"HP Charcoal"},"content":{"rendered":"<h2><span>Solar Gard High Performance (HP) Charcoal &#8211;\u00a0<\/span>Klasik, \u015f\u0131k ve g\u00f6steri\u015fli bir g\u00f6r\u00fcnt\u00fc arayanlara<\/h2>\n<div>\n<div class=\"title1\">\n<p>Solar Gard High Performance (HP) Charcoal cam filmleri klasik bir g\u00f6r\u00fcnt\u00fcye sahiptir. P\u00fcsk\u00fcrtme-metalize teknolojisiyle \u00fcretilen Charcoal serisi, t\u00fcm ara\u00e7lar\u0131n g\u00f6r\u00fcnt\u00fcs\u00fcn\u00fc g\u00fczelle\u015ftiren \u015f\u0131k renk tonlar\u0131 i\u00e7erir. Bu filmlerin \u00f6mr\u00fc, siz araban\u0131z\u0131 elinizde tuttu\u011funuz s\u00fcrece devam edecektir!<\/p>\n<p>HP Charcoal s\u0131cak ve \u015f\u0131k tonlara sahiptir ve metal boyayla yap\u0131lm\u0131\u015ft\u0131r. Araban\u0131z\u0131n g\u00f6r\u00fcn\u00fc\u015f\u00fcne uyacak \u015fekilde yedi farkl\u0131 tonu mevcuttur.<\/p>\n<p><strong>\u00d6zellikler ve Avantajlar<\/strong><\/p>\n<ul>\n<ul>\n<li>Zarif s\u0131cak gri tonlar\u0131nda klasik k\u00f6m\u00fcr rengi<\/li>\n<li>Yerel cam rengi kanunlar\u0131na uyacak \u015fekilde yedi farkl\u0131 renk tonu<\/li>\n<li>S\u0131n\u0131rl\u0131 \u00f6m\u00fcr boyu garanti<\/li>\n<\/ul>\n<\/ul>\n<\/div>\n<\/div>\n","protected":false},"excerpt":{"rendered":"<p>Solar Gard High Performance (HP) Charcoal &#8211;\u00a0Klasik, \u015f\u0131k ve g\u00f6steri\u015fli bir g\u00f6r\u00fcnt\u00fc arayanlara Solar Gard High Performance (HP) Charcoal cam filmleri klasik bir g\u00f6r\u00fcnt\u00fcye sahiptir. P\u00fcsk\u00fcrtme-metalize teknolojisiyle \u00fcretilen Charcoal serisi, t\u00fcm ara\u00e7lar\u0131n g\u00f6r\u00fcnt\u00fcs\u00fcn\u00fc g\u00fczelle\u015ftiren \u015f\u0131k renk tonlar\u0131 i\u00e7erir. Bu filmlerin \u00f6mr\u00fc, siz araban\u0131z\u0131 elinizde tuttu\u011funuz s\u00fcrece devam edecektir! HP Charcoal s\u0131cak ve \u015f\u0131k tonlara sahiptir &hellip; <a href=\"https:\/\/www.solargard.com\/tr\/product\/hp-charcoal\/\">Continued<\/a><\/p>\n","protected":false},"featured_media":42904,"comment_status":"open","ping_status":"closed","template":"","meta":{"_acf_changed":false},"product_brand":[],"product_cat":[1193,1194],"product_tag":[1660,1646,1533,1577],"class_list":{"0":"post-47992","1":"product","2":"type-product","3":"status-publish","4":"has-post-thumbnail","6":"product_cat-automotive-tr","7":"product_cat-high-performance-tr","8":"product_tag-dark-tint-tr","9":"product_tag-medium-tint-tr","10":"product_tag-reflective-tr","11":"product_tag-staying-cool-tr","13":"first","14":"outofstock","15":"shipping-taxable","16":"product-type-simple"},"acf":[],"_links":{"self":[{"href":"https:\/\/www.solargard.com\/tr\/wp-json\/wp\/v2\/product\/47992","targetHints":{"allow":["GET"]}}],"collection":[{"href":"https:\/\/www.solargard.com\/tr\/wp-json\/wp\/v2\/product"}],"about":[{"href":"https:\/\/www.solargard.com\/tr\/wp-json\/wp\/v2\/types\/product"}],"replies":[{"embeddable":true,"href":"https:\/\/www.solargard.com\/tr\/wp-json\/wp\/v2\/comments?post=47992"}],"wp:featuredmedia":[{"embeddable":true,"href":"https:\/\/www.solargard.com\/tr\/wp-json\/wp\/v2\/media\/42904"}],"wp:attachment":[{"href":"https:\/\/www.solargard.com\/tr\/wp-json\/wp\/v2\/media?parent=47992"}],"wp:term":[{"taxonomy":"product_brand","embeddable":true,"href":"https:\/\/www.solargard.com\/tr\/wp-json\/wp\/v2\/product_brand?post=47992"},{"taxonomy":"product_cat","embeddable":true,"href":"https:\/\/www.solargard.com\/tr\/wp-json\/wp\/v2\/product_cat?post=47992"},{"taxonomy":"product_tag","embeddable":true,"href":"https:\/\/www.solargard.com\/tr\/wp-json\/wp\/v2\/product_tag?post=47992"}],"curies":[{"name":"wp","href":"https:\/\/api.w.org\/{rel}","templated":true}]}}