{"id":48023,"date":"2014-11-03T19:56:55","date_gmt":"2014-11-03T19:56:55","guid":{"rendered":"https:\/\/www.solargard.com\/tr\/product\/slate\/"},"modified":"2018-01-08T10:53:36","modified_gmt":"2018-01-08T10:53:36","slug":"panorama-slate","status":"publish","type":"product","link":"https:\/\/www.solargard.com\/tr\/product\/panorama-slate\/","title":{"rendered":"Panorama Slate"},"content":{"rendered":"<p>Panorama Slate serisi filmler \u201c\u00e7ift yans\u0131t\u0131c\u0131\u201d \u00f6zelli\u011fine sahip serilerdir. Filmler i\u00e7erden naturel g\u00f6r\u00fcn\u00fcml\u00fc olup d\u0131\u015fardan reflekte (aynal\u0131) g\u00f6r\u00fcn\u00fcml\u00fc olup en y\u00fcksek seviyede \u0131s\u0131 enerjisini geri yans\u0131tmak amac\u0131yla tasarlanm\u0131\u015f serilerdir.<\/p>\n<p>Temel Faydalar\u0131<\/p>\n<ul>\n<li>Geri yans\u0131tma \u00f6zelli\u011fi ile en y\u00fcksek seviyede \u0131s\u0131 enerjisi geri yans\u0131t\u0131larak m\u00fckemmel seviyede enerji tasarrufu sa\u011flan\u0131r. K\u0131sa s\u00fcrede yat\u0131r\u0131m tutar\u0131n\u0131z\u0131 geri kazand\u0131r\u0131r.<\/li>\n<li>D\u00fc\u015f\u00fck i\u00e7 y\u00fczey yans\u0131ma \u00f6zelli\u011fi ile geceleri i\u00e7erden d\u0131\u015far\u0131ya daha rahat bir g\u00f6r\u00fc\u015f sunar<\/li>\n<li>Y\u00fcksek \u0131s\u0131 enerjisi geri yans\u0131tma \u00f6zell\u011fi ile i\u00e7 mekan konforunun iyile\u015ftirilmesini sa\u011flar<\/li>\n<li>Zararl\u0131 UV \u0131\u015f\u0131nlar\u0131na kar\u015f\u0131 koruyucular ile i\u00e7e mekan\u0131n ve ya\u015fayanlar\u0131n zarar g\u00f6rmesini engeller<\/li>\n<\/ul>\n<p>&nbsp;<\/p>\n","protected":false},"excerpt":{"rendered":"<p>Panorama Slate serisi filmler \u201c\u00e7ift yans\u0131t\u0131c\u0131\u201d \u00f6zelli\u011fine sahip serilerdir. Filmler i\u00e7erden naturel g\u00f6r\u00fcn\u00fcml\u00fc olup d\u0131\u015fardan reflekte (aynal\u0131) g\u00f6r\u00fcn\u00fcml\u00fc olup en y\u00fcksek seviyede \u0131s\u0131 enerjisini geri yans\u0131tmak amac\u0131yla tasarlanm\u0131\u015f serilerdir. Temel Faydalar\u0131 Geri yans\u0131tma \u00f6zelli\u011fi ile en y\u00fcksek seviyede \u0131s\u0131 enerjisi geri yans\u0131t\u0131larak m\u00fckemmel seviyede enerji tasarrufu sa\u011flan\u0131r. K\u0131sa s\u00fcrede yat\u0131r\u0131m tutar\u0131n\u0131z\u0131 geri kazand\u0131r\u0131r. D\u00fc\u015f\u00fck i\u00e7 &hellip; <a href=\"https:\/\/www.solargard.com\/tr\/product\/panorama-slate\/\">Continued<\/a><\/p>\n","protected":false},"featured_media":44713,"comment_status":"open","ping_status":"closed","template":"","meta":{"_acf_changed":false},"product_brand":[],"product_cat":[1192,1183],"product_tag":[1473,1488,1443,1503,1533],"class_list":{"0":"post-48023","1":"product","2":"type-product","3":"status-publish","4":"has-post-thumbnail","6":"product_cat-solar-control-tr","7":"product_cat-architectural-tr","8":"product_tag-glare-tr","9":"product_tag-heat-tr","10":"product_tag-home-tr","11":"product_tag-privacy-tr","12":"product_tag-reflective-tr","14":"first","15":"outofstock","16":"shipping-taxable","17":"product-type-simple"},"acf":[],"_links":{"self":[{"href":"https:\/\/www.solargard.com\/tr\/wp-json\/wp\/v2\/product\/48023","targetHints":{"allow":["GET"]}}],"collection":[{"href":"https:\/\/www.solargard.com\/tr\/wp-json\/wp\/v2\/product"}],"about":[{"href":"https:\/\/www.solargard.com\/tr\/wp-json\/wp\/v2\/types\/product"}],"replies":[{"embeddable":true,"href":"https:\/\/www.solargard.com\/tr\/wp-json\/wp\/v2\/comments?post=48023"}],"wp:featuredmedia":[{"embeddable":true,"href":"https:\/\/www.solargard.com\/tr\/wp-json\/wp\/v2\/media\/44713"}],"wp:attachment":[{"href":"https:\/\/www.solargard.com\/tr\/wp-json\/wp\/v2\/media?parent=48023"}],"wp:term":[{"taxonomy":"product_brand","embeddable":true,"href":"https:\/\/www.solargard.com\/tr\/wp-json\/wp\/v2\/product_brand?post=48023"},{"taxonomy":"product_cat","embeddable":true,"href":"https:\/\/www.solargard.com\/tr\/wp-json\/wp\/v2\/product_cat?post=48023"},{"taxonomy":"product_tag","embeddable":true,"href":"https:\/\/www.solargard.com\/tr\/wp-json\/wp\/v2\/product_tag?post=48023"}],"curies":[{"name":"wp","href":"https:\/\/api.w.org\/{rel}","templated":true}]}}