{"id":48029,"date":"2019-01-08T19:54:53","date_gmt":"2014-11-03T19:54:53","guid":{"rendered":"https:\/\/www.solargard.com\/tr\/product\/ultra-performance\/"},"modified":"2019-04-22T15:46:11","modified_gmt":"2019-04-22T22:46:11","slug":"ultra-performance","status":"publish","type":"product","link":"https:\/\/www.solargard.com\/tr\/product\/ultra-performance\/","title":{"rendered":"Ultra Performance"},"content":{"rendered":"<div class=\"title1\">\n<p>\u0130leri nano-teknoloji ile \u00fcretilen Solar Gard Ultra Performance, s\u00fcr\u00fc\u015f deneyimini ve konforu en \u00fcst d\u00fczeye \u00e7\u0131karma konusunda s\u0131n\u0131f\u0131nda tektir. Ultra Performance\u2019\u0131n \u0130leri d\u00fczey k\u0131z\u0131l\u00f6tesi \u0131s\u0131 \u00f6nleme \u00f6zellikleri sayesinde, pencerelerinizden gelen toplam solar \u0131s\u0131 enerjisinde alt\u0131 farkl\u0131 tonla \u00f6nemli \u00f6l\u00e7\u00fcde azalma g\u00f6receksiniz. Ayr\u0131ca Ultra Performance, de\u011fi\u015fmeyen g\u00f6r\u00fc\u015f netli\u011fi ve s\u00fcr\u00fc\u015f g\u00fcvenli\u011fi i\u00e7in sekt\u00f6rdeki en y\u00fcksek film berrakl\u0131\u011f\u0131n\u0131 sunar.<\/p>\n<p>Ultra Performance, zararl\u0131 ultraviyole \u0131\u015f\u0131\u011f\u0131n\u0131n %99\u2019undan fazlas\u0131n\u0131 \u00f6nledi\u011fi i\u00e7in araban\u0131z\u0131n i\u00e7 k\u0131sm\u0131n\u0131n solmas\u0131n\u0131 \u00f6nlerken ayn\u0131 zamanda sizi ve di\u011fer yolcular\u0131 cildin erken ya\u015flanmas\u0131na kar\u015f\u0131 da korur. \u00d6m\u00fcr boyu dayanacak berrak, ultra performansl\u0131 bir film edinin; garantilidir!<\/p>\n<p><strong>\u00d6zellikleri ve Avantajlar\u0131<\/strong><\/p>\n<ul>\n<ul>\n<li>Y\u00fcksek \u0131s\u0131 engelleme \u00f6zelli\u011finin ve y\u00fcksek g\u00f6r\u00fcn\u00fcr \u0131\u015f\u0131k iletimi \u00f6zelli\u011finin e\u015fsiz birle\u015fimi<\/li>\n<li>Ultraviyole \u0131\u015f\u0131\u011f\u0131n %99\u2019undan fazlas\u0131n\u0131 engeller<\/li>\n<li>Eski s\u00fcr\u00fc\u015f netli\u011finin korunmas\u0131 i\u00e7in m\u00fckemmel cam berrakl\u0131\u011f\u0131<\/li>\n<li>Sekt\u00f6rde e\u015fi bulunmayan renk kal\u0131c\u0131l\u0131\u011f\u0131<\/li>\n<li>Daha fazla par\u0131lt\u0131 azaltma<\/li>\n<li>Uydu radyo, GPS, lastik bas\u0131nc\u0131 g\u00f6r\u00fcnt\u00fcleme sistemi ve cep telefonu ile uyumlu<\/li>\n<li>S\u0131n\u0131rl\u0131 \u00f6m\u00fcr boyu garantisi<\/li>\n<li>Bak\u0131ma gerek b\u0131rakmayan \u00e7izilmez kaplama<\/li>\n<li>Fabrika cam\u0131 g\u00f6r\u00fcnt\u00fcs\u00fcn\u00fc korur<\/li>\n<\/ul>\n<\/ul>\n<\/div>\n","protected":false},"excerpt":{"rendered":"<p>\u0130leri nano-teknoloji ile \u00fcretilen Solar Gard Ultra Performance, s\u00fcr\u00fc\u015f deneyimini ve konforu en \u00fcst d\u00fczeye \u00e7\u0131karma konusunda s\u0131n\u0131f\u0131nda tektir. Ultra Performance\u2019\u0131n \u0130leri d\u00fczey k\u0131z\u0131l\u00f6tesi \u0131s\u0131 \u00f6nleme \u00f6zellikleri sayesinde, pencerelerinizden gelen toplam solar \u0131s\u0131 enerjisinde alt\u0131 farkl\u0131 tonla \u00f6nemli \u00f6l\u00e7\u00fcde azalma g\u00f6receksiniz. Ayr\u0131ca Ultra Performance, de\u011fi\u015fmeyen g\u00f6r\u00fc\u015f netli\u011fi ve s\u00fcr\u00fc\u015f g\u00fcvenli\u011fi i\u00e7in sekt\u00f6rdeki en y\u00fcksek film &hellip; <a href=\"https:\/\/www.solargard.com\/tr\/product\/ultra-performance\/\">Continued<\/a><\/p>\n","protected":false},"featured_media":42555,"comment_status":"open","ping_status":"closed","template":"","meta":{"_acf_changed":false},"product_brand":[],"product_cat":[1189,1193],"product_tag":[1563,1605,1660,1631,1646,1533,1591,1577],"class_list":{"0":"post-48029","1":"product","2":"type-product","3":"status-publish","4":"has-post-thumbnail","6":"product_cat-nano-seramik-tr","7":"product_cat-automotive-tr","8":"product_tag-clear-tr","9":"product_tag-color-stability-tr","10":"product_tag-dark-tint-tr","11":"product_tag-light-tint-tr","12":"product_tag-medium-tint-tr","13":"product_tag-reflective-tr","14":"product_tag-signal-friendly-tr","15":"product_tag-staying-cool-tr","17":"first","18":"outofstock","19":"shipping-taxable","20":"product-type-simple"},"acf":[],"_links":{"self":[{"href":"https:\/\/www.solargard.com\/tr\/wp-json\/wp\/v2\/product\/48029","targetHints":{"allow":["GET"]}}],"collection":[{"href":"https:\/\/www.solargard.com\/tr\/wp-json\/wp\/v2\/product"}],"about":[{"href":"https:\/\/www.solargard.com\/tr\/wp-json\/wp\/v2\/types\/product"}],"replies":[{"embeddable":true,"href":"https:\/\/www.solargard.com\/tr\/wp-json\/wp\/v2\/comments?post=48029"}],"wp:featuredmedia":[{"embeddable":true,"href":"https:\/\/www.solargard.com\/tr\/wp-json\/wp\/v2\/media\/42555"}],"wp:attachment":[{"href":"https:\/\/www.solargard.com\/tr\/wp-json\/wp\/v2\/media?parent=48029"}],"wp:term":[{"taxonomy":"product_brand","embeddable":true,"href":"https:\/\/www.solargard.com\/tr\/wp-json\/wp\/v2\/product_brand?post=48029"},{"taxonomy":"product_cat","embeddable":true,"href":"https:\/\/www.solargard.com\/tr\/wp-json\/wp\/v2\/product_cat?post=48029"},{"taxonomy":"product_tag","embeddable":true,"href":"https:\/\/www.solargard.com\/tr\/wp-json\/wp\/v2\/product_tag?post=48029"}],"curies":[{"name":"wp","href":"https:\/\/api.w.org\/{rel}","templated":true}]}}