{"id":48032,"date":"2014-11-03T12:55:30","date_gmt":"2014-11-03T19:55:30","guid":{"rendered":"https:\/\/www.solargard.com\/tr\/product\/supreme\/"},"modified":"2019-04-02T23:29:29","modified_gmt":"2019-04-03T06:29:29","slug":"supreme","status":"publish","type":"product","link":"https:\/\/www.solargard.com\/tr\/product\/supreme\/","title":{"rendered":"NR Supreme"},"content":{"rendered":"<p align=\"left\"><span>Performance Serisi\u00a0<\/span><span>Solar Gard\u2019\u0131n \u00fcst\u00fcn kalite ve de\u011fer gelene\u011finin ard\u0131ndan Supreme serisi filmi, \u00fcst\u00fcn s\u00fcr\u00fc\u015f konforunun yan\u0131 s\u0131ra arac\u0131n\u0131z\u0131n g\u00f6r\u00fcn\u00fc\u015f\u00fcn\u00fc iste\u011fe g\u00f6re uyarlamak i\u00e7in daha \u00f6nce olmad\u0131\u011f\u0131 kadar bol \u00e7e\u015fitte renk tonu sunar. Ultraviyole \u0131\u015f\u0131\u011f\u0131n %99\u2019undan fazlas\u0131n\u0131n engellenmesiyle zararl\u0131 UV \u0131\u015f\u0131nlar\u0131na kar\u015f\u0131 maksimum koruma g\u00fcvencesine sahipsiniz. Ayr\u0131ca Supreme Serisinin g\u00f6r\u00fc\u015f netli\u011fini korumak ve s\u00fcr\u00fc\u015f g\u00fcvenli\u011fini art\u0131rmak i\u00e7in e\u015fsiz film berrakl\u0131\u011f\u0131na sahip olmas\u0131 sizleri memnun b\u0131rakacakt\u0131r. <\/span><\/p>\n<p><strong>\u00d6zellikler ve Avantajlar<\/strong><span> <\/span><\/p>\n<ul>\n<ul>\n<li>E\u015fsiz film berrakl\u0131\u011f\u0131<\/li>\n<li>Sekt\u00f6rdeki en iyi renk kal\u0131c\u0131l\u0131\u011f\u0131<\/li>\n<li>\u00dcst\u00fcn par\u0131lt\u0131 azaltma \u00f6zelli\u011fi<\/li>\n<li>Ola\u011fan\u00fcst\u00fc k\u0131sa kuruma s\u00fcreleri<\/li>\n<li>Uydu radyo, GPS, cep telefonu ve lastik bas\u0131nc\u0131 g\u00f6r\u00fcnt\u00fcleme sistemi ile uyumlu<\/li>\n<li>Cam\u0131n as\u0131l renk tonuna tamamlay\u0131c\u0131 nitelikte<\/li>\n<li>Bak\u0131ma gerek b\u0131rakmayan, \u00e7izilmeyi \u00f6nleyen kaplama<\/li>\n<li>Optimum \u0131s\u0131 engelleme<\/li>\n<li>Alt\u0131 renk tonuna sahip<\/li>\n<li>S\u0131n\u0131rl\u0131 \u00f6m\u00fcr boyu garanti<\/li>\n<\/ul>\n<\/ul>\n","protected":false},"excerpt":{"rendered":"<p>Performance Serisi\u00a0Solar Gard\u2019\u0131n \u00fcst\u00fcn kalite ve de\u011fer gelene\u011finin ard\u0131ndan Supreme serisi filmi, \u00fcst\u00fcn s\u00fcr\u00fc\u015f konforunun yan\u0131 s\u0131ra arac\u0131n\u0131z\u0131n g\u00f6r\u00fcn\u00fc\u015f\u00fcn\u00fc iste\u011fe g\u00f6re uyarlamak i\u00e7in daha \u00f6nce olmad\u0131\u011f\u0131 kadar bol \u00e7e\u015fitte renk tonu sunar. Ultraviyole \u0131\u015f\u0131\u011f\u0131n %99\u2019undan fazlas\u0131n\u0131n engellenmesiyle zararl\u0131 UV \u0131\u015f\u0131nlar\u0131na kar\u015f\u0131 maksimum koruma g\u00fcvencesine sahipsiniz. Ayr\u0131ca Supreme Serisinin g\u00f6r\u00fc\u015f netli\u011fini korumak ve s\u00fcr\u00fc\u015f g\u00fcvenli\u011fini art\u0131rmak &hellip; <a href=\"https:\/\/www.solargard.com\/tr\/product\/supreme\/\">Continued<\/a><\/p>\n","protected":false},"featured_media":98862,"comment_status":"open","ping_status":"closed","template":"","meta":{"_acf_changed":false},"product_brand":[],"product_cat":[1193,1195],"product_tag":[1605,1660,1646,1533,1591],"class_list":{"0":"post-48032","1":"product","2":"type-product","3":"status-publish","4":"has-post-thumbnail","6":"product_cat-automotive-tr","7":"product_cat-non-reflective-tr","8":"product_tag-color-stability-tr","9":"product_tag-dark-tint-tr","10":"product_tag-medium-tint-tr","11":"product_tag-reflective-tr","12":"product_tag-signal-friendly-tr","14":"first","15":"outofstock","16":"shipping-taxable","17":"product-type-simple"},"acf":[],"_links":{"self":[{"href":"https:\/\/www.solargard.com\/tr\/wp-json\/wp\/v2\/product\/48032","targetHints":{"allow":["GET"]}}],"collection":[{"href":"https:\/\/www.solargard.com\/tr\/wp-json\/wp\/v2\/product"}],"about":[{"href":"https:\/\/www.solargard.com\/tr\/wp-json\/wp\/v2\/types\/product"}],"replies":[{"embeddable":true,"href":"https:\/\/www.solargard.com\/tr\/wp-json\/wp\/v2\/comments?post=48032"}],"wp:featuredmedia":[{"embeddable":true,"href":"https:\/\/www.solargard.com\/tr\/wp-json\/wp\/v2\/media\/98862"}],"wp:attachment":[{"href":"https:\/\/www.solargard.com\/tr\/wp-json\/wp\/v2\/media?parent=48032"}],"wp:term":[{"taxonomy":"product_brand","embeddable":true,"href":"https:\/\/www.solargard.com\/tr\/wp-json\/wp\/v2\/product_brand?post=48032"},{"taxonomy":"product_cat","embeddable":true,"href":"https:\/\/www.solargard.com\/tr\/wp-json\/wp\/v2\/product_cat?post=48032"},{"taxonomy":"product_tag","embeddable":true,"href":"https:\/\/www.solargard.com\/tr\/wp-json\/wp\/v2\/product_tag?post=48032"}],"curies":[{"name":"wp","href":"https:\/\/api.w.org\/{rel}","templated":true}]}}