{"id":94048,"date":"2020-06-22T06:49:05","date_gmt":"2020-06-22T14:49:05","guid":{"rendered":"https:\/\/www.solargard.com\/product\/cx-magnum-black-darkest-car-window-film\/"},"modified":"2024-07-11T23:53:49","modified_gmt":"2024-07-12T07:53:49","slug":"cx-magnum-black-en-koyu-arac-cam-filmi","status":"publish","type":"product","link":"https:\/\/www.solargard.com\/tr\/product\/cx-magnum-black-en-koyu-arac-cam-filmi\/","title":{"rendered":"CX Magnum Black"},"content":{"rendered":"<h1>CX Magnum Black Cam Filmi<\/h1>\n<h2>En Koyu Ara\u00e7 Cam Filmi<\/h2>\n<p><span>Solar Gard, ultraviyole ve k\u0131z\u0131l\u00f6tesi \u0131\u015f\u0131\u011f\u0131 emmek ve engellemek i\u00e7in cam filmi polimerine uygulanan ve nano boyutlu seramik par\u00e7ac\u0131klar\u0131ndan yararlanan yeni CX Magnum Black Seramik Cam Film Serisini kullan\u0131m\u0131n\u0131za sunuyor. CX Magnum Black\u2019de bulunan geli\u015fmi\u015f seramik teknolojisi, UV \u0131\u015f\u0131nlar\u0131n\u0131n % 99\u2019undan fazlas\u0131n\u0131 bloke eder, k\u0131z\u0131l\u00f6tesi \u0131\u015f\u0131nlar\u0131n% 64\u2019\u00fcne kadar geri yans\u0131t\u0131r ve % 58\u2019e kadar Toplam G\u00fcne\u015f Enerjisi Geri Yans\u0131tma \u00f6zelli\u011fine sahiptir.\u00a0 <\/span> <span style=\"color: #00ccff;\"><a style=\"color: #00ccff;\" href=\"https:\/\/www.solargard.com\/wp-content\/uploads\/2024\/02\/CX-MAGNUM-BLACK-Auto-Films-BROCHURE-INT-lr.pdf\" target=\"_blank\" rel=\"noopener noreferrer\">\u2192 Bro\u015f\u00fcr\u00fc indirin<\/a><\/span><\/p>\n<p><strong>Ana \u00d6zellikleri<\/strong><\/p>\n<ul>\n<li>% 58&#8217;e varan <span>oranda<\/span> toplam g\u00fcne\u015f enerjisi reddi (TSER) ile \u0131s\u0131 giri\u015fini azalt\u0131r<\/li>\n<li>G\u00fcne\u015fin k\u0131z\u0131l\u00f6tesi radyasyonunu (780-2500nm dalga boyu aras\u0131nda) % 64&#8217;e kadar azalt\u0131r<\/li>\n<li>Zararl\u0131 UV \u0131\u015f\u0131nlar\u0131n\u0131n% 99&#8217;undan fazlas\u0131n\u0131 bloke ederek a\u015f\u0131r\u0131 ya\u015flanmay\u0131 \u00f6nler<\/li>\n<li>Sinyal dostu yap\u0131s\u0131 ile cep telefonlar\u0131n\u0131, GPS navigasyonu, uydu yay\u0131nlar\u0131 ve di\u011fer elektronik cihazlar\u0131 etkilemez<\/li>\n<li>Azalt\u0131lm\u0131\u015f i\u00e7 solma ve parlama <span>sa\u011flar<\/span><\/li>\n<li>Parlamay\u0131 azalt\u0131r (CX Magnum Black S2 ve 5)<\/li>\n<li>Zengin g\u00f6r\u00fcn\u00fcml\u00fc siyah renk <span>kalitesi<\/span><\/li>\n<li>\u00c7ok \u00e7e\u015fitli tonlarda mevcuttur<\/li>\n<li>1000 SPF&#8217;ye kadar G\u00fcne\u015f Koruma Fakt\u00f6r\u00fc sunar<\/li>\n<\/ul>\n","protected":false},"excerpt":{"rendered":"<p>CX Magnum Black Cam Filmi En Koyu Ara\u00e7 Cam Filmi Solar Gard, ultraviyole ve k\u0131z\u0131l\u00f6tesi \u0131\u015f\u0131\u011f\u0131 emmek ve engellemek i\u00e7in cam filmi polimerine uygulanan ve nano boyutlu seramik par\u00e7ac\u0131klar\u0131ndan yararlanan yeni CX Magnum Black Seramik Cam Film Serisini kullan\u0131m\u0131n\u0131za sunuyor. CX Magnum Black\u2019de bulunan geli\u015fmi\u015f seramik teknolojisi, UV \u0131\u015f\u0131nlar\u0131n\u0131n % 99\u2019undan fazlas\u0131n\u0131 bloke eder, k\u0131z\u0131l\u00f6tesi &hellip; <a href=\"https:\/\/www.solargard.com\/tr\/product\/cx-magnum-black-en-koyu-arac-cam-filmi\/\">Continued<\/a><\/p>\n","protected":false},"featured_media":86822,"comment_status":"open","ping_status":"closed","template":"","meta":{"_acf_changed":false},"product_brand":[],"product_cat":[1189,1193],"product_tag":[],"class_list":{"0":"post-94048","1":"product","2":"type-product","3":"status-publish","4":"has-post-thumbnail","6":"product_cat-nano-seramik-tr","7":"product_cat-automotive-tr","9":"first","10":"instock","11":"shipping-taxable","12":"product-type-simple"},"acf":[],"_links":{"self":[{"href":"https:\/\/www.solargard.com\/tr\/wp-json\/wp\/v2\/product\/94048","targetHints":{"allow":["GET"]}}],"collection":[{"href":"https:\/\/www.solargard.com\/tr\/wp-json\/wp\/v2\/product"}],"about":[{"href":"https:\/\/www.solargard.com\/tr\/wp-json\/wp\/v2\/types\/product"}],"replies":[{"embeddable":true,"href":"https:\/\/www.solargard.com\/tr\/wp-json\/wp\/v2\/comments?post=94048"}],"wp:featuredmedia":[{"embeddable":true,"href":"https:\/\/www.solargard.com\/tr\/wp-json\/wp\/v2\/media\/86822"}],"wp:attachment":[{"href":"https:\/\/www.solargard.com\/tr\/wp-json\/wp\/v2\/media?parent=94048"}],"wp:term":[{"taxonomy":"product_brand","embeddable":true,"href":"https:\/\/www.solargard.com\/tr\/wp-json\/wp\/v2\/product_brand?post=94048"},{"taxonomy":"product_cat","embeddable":true,"href":"https:\/\/www.solargard.com\/tr\/wp-json\/wp\/v2\/product_cat?post=94048"},{"taxonomy":"product_tag","embeddable":true,"href":"https:\/\/www.solargard.com\/tr\/wp-json\/wp\/v2\/product_tag?post=94048"}],"curies":[{"name":"wp","href":"https:\/\/api.w.org\/{rel}","templated":true}]}}