{"id":94057,"date":"2020-06-23T04:21:24","date_gmt":"2020-06-23T12:21:24","guid":{"rendered":"https:\/\/www.solargard.com\/product\/cx-magnum-ir\/"},"modified":"2021-06-30T05:57:56","modified_gmt":"2021-06-30T13:57:56","slug":"cx-magnum-ir-cam-filmi","status":"publish","type":"product","link":"https:\/\/www.solargard.com\/tr\/product\/cx-magnum-ir-cam-filmi\/","title":{"rendered":"CX Magnum IR"},"content":{"rendered":"<h1>CX Magnum IR Cam Filmi<\/h1>\n<h2>8 Farkl\u0131 Tonda Araba Cam Filmi<\/h2>\n<p class=\"p1\">CX MAGNUM IR Nano-Seramik Filmler, daha fazla koruma sa\u011flamak ve daha fazla s\u00fcr\u00fc\u015f konforu sa\u011flamak i\u00e7in tasarlanm\u0131\u015f olup, ayn\u0131 zamanda araca m\u00fckemmel ve \u015f\u0131k bir g\u00f6r\u00fcn\u00fcm verir. CX MAGNUM IR&#8217;de bulunan geli\u015fmi\u015f seramik teknolojisi, UV \u0131\u015f\u0131nlar\u0131n\u0131n% 99&#8217;undan fazlas\u0131n\u0131 bloke eder, k\u0131z\u0131l\u00f6tesi \u0131\u015f\u0131nlar\u0131n% 91&#8217;ine kadar geri yans\u0131t\u0131r ve% 67&#8217;ye kadar g\u00fcne\u015f enerjisi geri yans\u0131tma \u00f6zelli\u011fine (TSER) sahiptir. CX MAGNUM IR&#8217;de kullan\u0131lan seramik nanopartik\u00fcl teknolojisi, ara\u00e7 camlar\u0131na minimum yans\u0131ma ile daha derin ve daha ger\u00e7ek bir siyah g\u00f6lgeleme verir. \u00a0<span style=\"color: #00ccff;\"><a style=\"color: #00ccff;\" href=\"https:\/\/bit.ly\/SolarGard-CX-Magnum-IR-Brochure\" target=\"_blank\" rel=\"noopener noreferrer\">\u2192 Bro\u015f\u00fcr\u00fc \u0130ndirin<\/a><\/span><\/p>\n<p><strong>En koyu tondan en a\u00e7\u0131k tona kadar pazardaki en geni\u015f \u00fcr\u00fcn yelpazesi!<\/strong><\/p>\n<ul>\n<li>Is\u0131 kazan\u0131m\u0131n\u0131% 70&#8217;ye kadar azalt\u0131r (TSER, toplam g\u00fcne\u015f enerjisi reddi)<\/li>\n<li>K\u0131z\u0131l\u00f6tesi \u0131s\u0131 radyasyonunu% 91&#8217;e kadar engeller<\/li>\n<li>UV \u0131\u015f\u0131nlar\u0131n\u0131n% 99&#8217;undan fazlas\u0131n\u0131 bloke ederek s\u00fcr\u00fcc\u00fc ve yolculara \u00f6nemli \u00f6l\u00e7\u00fcde koruma sa\u011flar<\/li>\n<li>Sinyal dostudur: cep telefonlar\u0131n\u0131, GPS navigasyonunu ve uydu yay\u0131nlar\u0131n\u0131 etkilemez<\/li>\n<li>Otomobilin i\u00e7 k\u0131sm\u0131n\u0131n solmas\u0131n\u0131 \u00f6nemli \u00f6l\u00e7\u00fcde azalt\u0131r<\/li>\n<li>G\u00f6r\u00fcn\u00fcr \u0131\u015f\u0131\u011f\u0131n% 97&#8217;sine kadar engelleyen farkl\u0131 renk seviyeleriyle maksimum gizlilik sunar<\/li>\n<li>Daha iyi konfor ve k\u00f6r edici g\u00fcne\u015f \u0131\u015f\u0131\u011f\u0131na kar\u015f\u0131 koruma i\u00e7in parlamay\u0131% 97&#8217;ye kadar azalt\u0131r<\/li>\n<li>\u00c7ok d\u00fc\u015f\u00fck yans\u0131ma ile derin ve modern bir siyah renk verir<\/li>\n<li>\u00c7ok \u00e7e\u015fitli tonlarda mevcuttur<\/li>\n<li>Solar Gard\u2019\u0131n s\u0131n\u0131rl\u0131 \u00f6m\u00fcr boyu garantisiyle desteklenir<\/li>\n<\/ul>\n<p class=\"p4\">\n","protected":false},"excerpt":{"rendered":"<p>CX Magnum IR Cam Filmi 8 Farkl\u0131 Tonda Araba Cam Filmi CX MAGNUM IR Nano-Seramik Filmler, daha fazla koruma sa\u011flamak ve daha fazla s\u00fcr\u00fc\u015f konforu sa\u011flamak i\u00e7in tasarlanm\u0131\u015f olup, ayn\u0131 zamanda araca m\u00fckemmel ve \u015f\u0131k bir g\u00f6r\u00fcn\u00fcm verir. CX MAGNUM IR&#8217;de bulunan geli\u015fmi\u015f seramik teknolojisi, UV \u0131\u015f\u0131nlar\u0131n\u0131n% 99&#8217;undan fazlas\u0131n\u0131 bloke eder, k\u0131z\u0131l\u00f6tesi \u0131\u015f\u0131nlar\u0131n% 91&#8217;ine kadar &hellip; <a href=\"https:\/\/www.solargard.com\/tr\/product\/cx-magnum-ir-cam-filmi\/\">Continued<\/a><\/p>\n","protected":false},"featured_media":87024,"comment_status":"open","ping_status":"closed","template":"","meta":{"_acf_changed":false},"product_brand":[],"product_cat":[1189,1193],"product_tag":[],"class_list":{"0":"post-94057","1":"product","2":"type-product","3":"status-publish","4":"has-post-thumbnail","6":"product_cat-nano-seramik-tr","7":"product_cat-automotive-tr","9":"first","10":"instock","11":"shipping-taxable","12":"product-type-simple"},"acf":[],"_links":{"self":[{"href":"https:\/\/www.solargard.com\/tr\/wp-json\/wp\/v2\/product\/94057","targetHints":{"allow":["GET"]}}],"collection":[{"href":"https:\/\/www.solargard.com\/tr\/wp-json\/wp\/v2\/product"}],"about":[{"href":"https:\/\/www.solargard.com\/tr\/wp-json\/wp\/v2\/types\/product"}],"replies":[{"embeddable":true,"href":"https:\/\/www.solargard.com\/tr\/wp-json\/wp\/v2\/comments?post=94057"}],"wp:featuredmedia":[{"embeddable":true,"href":"https:\/\/www.solargard.com\/tr\/wp-json\/wp\/v2\/media\/87024"}],"wp:attachment":[{"href":"https:\/\/www.solargard.com\/tr\/wp-json\/wp\/v2\/media?parent=94057"}],"wp:term":[{"taxonomy":"product_brand","embeddable":true,"href":"https:\/\/www.solargard.com\/tr\/wp-json\/wp\/v2\/product_brand?post=94057"},{"taxonomy":"product_cat","embeddable":true,"href":"https:\/\/www.solargard.com\/tr\/wp-json\/wp\/v2\/product_cat?post=94057"},{"taxonomy":"product_tag","embeddable":true,"href":"https:\/\/www.solargard.com\/tr\/wp-json\/wp\/v2\/product_tag?post=94057"}],"curies":[{"name":"wp","href":"https:\/\/api.w.org\/{rel}","templated":true}]}}