{"id":94618,"date":"2020-06-25T08:35:07","date_gmt":"2020-06-25T16:35:07","guid":{"rendered":"https:\/\/www.solargard.com\/product\/sentinel-plus-qx-series\/"},"modified":"2021-07-01T01:46:28","modified_gmt":"2021-07-01T09:46:28","slug":"sentinel-plus-qx-serisi","status":"publish","type":"product","link":"https:\/\/www.solargard.com\/tr\/product\/sentinel-plus-qx-serisi\/","title":{"rendered":"Sentinel Plus QX Serisi"},"content":{"rendered":"<h1>Sentinel Plus QX 40 &amp; 70<\/h1>\n<p>Solar Gard\u00ae Sentinel&#x2122; Plus QX d\u0131\u015f cephe cam filmi serisi, m\u00fckemmel \u0131s\u0131 geri yans\u0131tma performans\u0131n\u0131 \u00e7ok d\u00fc\u015f\u00fck parlama ve neredeyse g\u00f6r\u00fcnmez bir g\u00f6r\u00fcn\u00fcmle birle\u015ftirir. Is\u0131l konforu art\u0131rmaya, enerji t\u00fcketimini azaltmaya, i\u00e7 mekan\u0131 UV \u0131\u015f\u0131nlar\u0131na kar\u015f\u0131 korumaya ihtiya\u00e7 duyan ancak cephe esteti\u011fini de\u011fi\u015ftirmek istemeyen bina ve mekanlar i\u00e7in ideal bir \u00e7\u00f6z\u00fcmd\u00fcr. Sentinel Plus \u00fcr\u00fcnleri, t\u00fcm UV radyasyonunun &gt;%99&#8217;unu engeller. Sentinel&#x2122; Plus QX 70 ve 40, \u00e7o\u011fu modern camla uyumlu \u00e7al\u0131\u015f\u0131r.<\/p>\n<h4>\u00d6rnek Sayfalar:<\/h4>\n<p><a href=\"https:\/\/www.solargard.com\/wp-content\/uploads\/2020\/06\/Solar-Gard-Sample-Page-Sentinel-Plus-QX70.pdf?x92359\" target=\"_blank\" rel=\"noopener noreferrer\">Sentinel Plus QX 70 OSW<\/a>\u00a0 \u00a0<span style=\"color: #ffcc00;\">I<\/span>\u00a0 \u00a0<a href=\"https:\/\/www.solargard.com\/wp-content\/uploads\/2020\/06\/Solar-Gard-Sample-Page-Sentinel-Plus-QX40.pdf?x92359\" target=\"_blank\" rel=\"noopener noreferrer\">Sentinel Plus QX 40 OSW<\/a><\/p>\n<h4>ferans Vaka:<\/h4>\n<ul>\n<li><a href=\"https:\/\/indd.adobe.com\/view\/fe078ab9-20a0-42ee-900f-47a8c9f7f86d\" target=\"_blank\" rel=\"noopener noreferrer\">Sentinel Plus QX 40 OSW <\/a>&#8211; Ridderkerk Elderly Evi, NL Premium \u0130\u015f Orta\u011f\u0131: <a href=\"https:\/\/www.facebook.com\/Glassprotect-Glasfolies-1402840826610362\/\" target=\"_blank\" rel=\"noopener noreferrer\">Glassprotect Glassfolies<\/a><\/li>\n<\/ul>\n<h4>Daha fazla referans foto\u011fraf\u0131:<\/h4>\n<ul>\n<li><a href=\"https:\/\/www.facebook.com\/solargardeu\/posts\/1427110470981276\" target=\"_blank\" rel=\"noopener\">Luna Glass Tinting taraf\u0131ndan g\u00f6r\u00fcnmez QX 70 uygulanm\u0131\u015f Villa<\/a><\/li>\n<li><a href=\"https:\/\/www.facebook.com\/solargardeu\/photos\/pcb.1202874866738172\/1202873706738288\" target=\"_blank\" rel=\"noopener noreferrer\">Starbucks, Glassprotect Glassfolies taraf\u0131ndan uygulanan QX 70&#8217;i se\u00e7ti<\/a><\/li>\n<li><a href=\"https:\/\/www.facebook.com\/durablelimited\/photos\/pcb.3206960672723609\/3206957932723883\/?type=3&amp;theater\" target=\"_blank\" rel=\"noopener noreferrer\">Durable Ltd taraf\u0131ndan uygulanan QX 70 ile daha konforlu bir k\u0131\u015f bah\u00e7esi<\/a><\/li>\n<li><a href=\"https:\/\/www.facebook.com\/Lunaglasstinting\/photos\/pcb.3158469227573975\/3158468580907373\/?type=3&amp;theater\" target=\"_blank\" rel=\"noopener noreferrer\">Premium Partner Luna Glass Tinting taraf\u0131ndan uygulanan QX 70<\/a><\/li>\n<li><a href=\"https:\/\/www.facebook.com\/glassprotectglasfolies\/photos\/pcb.2534465856654352\/2534461049988166\/?type=3&amp;theater\" target=\"_blank\" rel=\"noopener noreferrer\">Premium Partner Glassprotect Glasfolies taraf\u0131ndan uygulanan QX 70 &amp; 40<\/a><\/li>\n<\/ul>\n<h6>QX serisi, yaln\u0131zca se\u00e7ilmi\u015f bayilerimiz taraf\u0131ndan sat\u0131l\u0131r ve uygulan\u0131r.<\/h6>\n","protected":false},"excerpt":{"rendered":"<p>Sentinel Plus QX 40 &amp; 70 Solar Gard\u00ae Sentinel&#x2122; Plus QX d\u0131\u015f cephe cam filmi serisi, m\u00fckemmel \u0131s\u0131 geri yans\u0131tma performans\u0131n\u0131 \u00e7ok d\u00fc\u015f\u00fck parlama ve neredeyse g\u00f6r\u00fcnmez bir g\u00f6r\u00fcn\u00fcmle birle\u015ftirir. Is\u0131l konforu art\u0131rmaya, enerji t\u00fcketimini azaltmaya, i\u00e7 mekan\u0131 UV \u0131\u015f\u0131nlar\u0131na kar\u015f\u0131 korumaya ihtiya\u00e7 duyan ancak cephe esteti\u011fini de\u011fi\u015ftirmek istemeyen bina ve mekanlar i\u00e7in ideal bir &hellip; <a href=\"https:\/\/www.solargard.com\/tr\/product\/sentinel-plus-qx-serisi\/\">Continued<\/a><\/p>\n","protected":false},"featured_media":103413,"comment_status":"open","ping_status":"closed","template":"","meta":{"_acf_changed":false},"product_brand":[],"product_cat":[1190,1192,1183],"product_tag":[],"class_list":{"0":"post-94618","1":"product","2":"type-product","3":"status-publish","4":"has-post-thumbnail","6":"product_cat-exterior-films-tr","7":"product_cat-solar-control-tr","8":"product_cat-architectural-tr","10":"first","11":"instock","12":"shipping-taxable","13":"product-type-simple"},"acf":[],"_links":{"self":[{"href":"https:\/\/www.solargard.com\/tr\/wp-json\/wp\/v2\/product\/94618","targetHints":{"allow":["GET"]}}],"collection":[{"href":"https:\/\/www.solargard.com\/tr\/wp-json\/wp\/v2\/product"}],"about":[{"href":"https:\/\/www.solargard.com\/tr\/wp-json\/wp\/v2\/types\/product"}],"replies":[{"embeddable":true,"href":"https:\/\/www.solargard.com\/tr\/wp-json\/wp\/v2\/comments?post=94618"}],"wp:featuredmedia":[{"embeddable":true,"href":"https:\/\/www.solargard.com\/tr\/wp-json\/wp\/v2\/media\/103413"}],"wp:attachment":[{"href":"https:\/\/www.solargard.com\/tr\/wp-json\/wp\/v2\/media?parent=94618"}],"wp:term":[{"taxonomy":"product_brand","embeddable":true,"href":"https:\/\/www.solargard.com\/tr\/wp-json\/wp\/v2\/product_brand?post=94618"},{"taxonomy":"product_cat","embeddable":true,"href":"https:\/\/www.solargard.com\/tr\/wp-json\/wp\/v2\/product_cat?post=94618"},{"taxonomy":"product_tag","embeddable":true,"href":"https:\/\/www.solargard.com\/tr\/wp-json\/wp\/v2\/product_tag?post=94618"}],"curies":[{"name":"wp","href":"https:\/\/api.w.org\/{rel}","templated":true}]}}