{"id":94824,"date":"2020-03-13T14:19:05","date_gmt":"2020-03-13T22:19:05","guid":{"rendered":"https:\/\/www.solargard.com\/product\/graffitigard-4plus\/"},"modified":"2021-08-24T01:15:32","modified_gmt":"2021-08-24T09:15:32","slug":"graffitigard-4plus","status":"publish","type":"product","link":"https:\/\/www.solargard.com\/tr\/product\/graffitigard-4plus\/","title":{"rendered":"Graffitigard&#x2122; 4PLUS"},"content":{"rendered":"<h2 align=\"left\">Graffitigard 4PLUS, \u0130lk Savunma Hatt\u0131n\u0131zd\u0131r<\/h2>\n<p align=\"left\">D\u00f6rt katl\u0131 ve toplu ta\u015f\u0131mada kullan\u0131labilir teknik \u00f6zelliklere sahip, tek harekette soyulabilir koruma. Saint-Gobain\u2019in vandalizm kar\u015f\u0131t\u0131 filmi ile kamusal alanlar\u0131n\u0131z\u0131 ve en \u00f6nemlisi \u015firket imaj\u0131n\u0131z\u0131 koruyun. Graffitigard 4PLUS, cam ve di\u011fer p\u00fcr\u00fczs\u00fcz, g\u00f6zeneksiz y\u00fczeylerin korunmas\u0131 i\u00e7in ideal \u00e7\u00f6z\u00fcmd\u00fcr.<\/p>\n<ul>\n<li><span><strong>Y\u00fczeyleri hasara kar\u015f\u0131 korur<\/strong> \u2013 \u00c7izilmelere, asitle a\u015f\u0131nd\u0131rmaya ve kal\u0131c\u0131 i\u015faretleyicilere kar\u015f\u0131 korur<\/span><\/li>\n<li><span><strong>\u00d6nceden Kesilmi\u015f ve katmanl\u0131. Takmas\u0131 veya \u00e7\u0131karmas\u0131 kolay<\/strong> \u2013 Korumak istedi\u011finiz y\u00fczeye g\u00f6re \u00f6zel olarak \u00fcretilmi\u015ftir. 4 katmanl\u0131 malzeme, tek katmanl\u0131 anti-graffiti filmlerden \u00e7ok daha verimli ve etkili bir koruma alternatifi sunar.<\/span><\/li>\n<li><span><strong>\u00dcr\u00fcn ve montaj b\u00fct\u00e7esini azalt\u0131r<\/strong> \u2013 Arac\u0131n\u0131z\u0131 4 kat daha uzun s\u00fcre kullan\u0131mda tutarak gelir kayb\u0131ndan ve yeniden malzeme kullan\u0131m\u0131ndan ka\u00e7\u0131n\u0131n<\/span><\/li>\n<li><span><strong>G\u00f6r\u00fclmeyen, optik olarak \u015feffaf polyester<\/strong> \u2013 Graffitigard 4PLUS optik netlikte rakipsizdir<\/span><\/li>\n<li><span><strong>Tam entegre \u00fcretim s\u00fcreci<\/strong> \u2013 \u00dcretimlerimiz, rulodan ruloya, kaplamaya ve laminasyondan bitmi\u015f par\u00e7alara kadar t\u00fcm \u00fcretim s\u00fcreci boyunca kontrol ve entegre edilir<\/span><\/li>\n<\/ul>\n<p>Daha fazla bilgi i\u00e7in\u00a0<a href=\"https:\/\/custom-films.solargard.com\/graffitigard-4plus\" target=\"_blank\" rel=\"noopener\">https:\/\/custom-films.solargard.com\/graffitigard-4plus<\/a>\u00a0adresini ziyaret edin.<\/p>\n<p>&nbsp;<\/p>\n","protected":false},"excerpt":{"rendered":"<p>Graffitigard 4PLUS, \u0130lk Savunma Hatt\u0131n\u0131zd\u0131r D\u00f6rt katl\u0131 ve toplu ta\u015f\u0131mada kullan\u0131labilir teknik \u00f6zelliklere sahip, tek harekette soyulabilir koruma. Saint-Gobain\u2019in vandalizm kar\u015f\u0131t\u0131 filmi ile kamusal alanlar\u0131n\u0131z\u0131 ve en \u00f6nemlisi \u015firket imaj\u0131n\u0131z\u0131 koruyun. Graffitigard 4PLUS, cam ve di\u011fer p\u00fcr\u00fczs\u00fcz, g\u00f6zeneksiz y\u00fczeylerin korunmas\u0131 i\u00e7in ideal \u00e7\u00f6z\u00fcmd\u00fcr. Y\u00fczeyleri hasara kar\u015f\u0131 korur \u2013 \u00c7izilmelere, asitle a\u015f\u0131nd\u0131rmaya ve kal\u0131c\u0131 i\u015faretleyicilere kar\u015f\u0131 &hellip; <a href=\"https:\/\/www.solargard.com\/tr\/product\/graffitigard-4plus\/\">Continued<\/a><\/p>\n","protected":false},"featured_media":84474,"comment_status":"open","ping_status":"closed","template":"","meta":{"_acf_changed":false},"product_brand":[],"product_cat":[1184],"product_tag":[1563,1458],"class_list":{"0":"post-94824","1":"product","2":"type-product","3":"status-publish","4":"has-post-thumbnail","6":"product_cat-anti-graffiti-tr","7":"product_tag-clear-tr","8":"product_tag-commercial-tr","10":"first","11":"instock","12":"shipping-taxable","13":"product-type-simple"},"acf":[],"_links":{"self":[{"href":"https:\/\/www.solargard.com\/tr\/wp-json\/wp\/v2\/product\/94824","targetHints":{"allow":["GET"]}}],"collection":[{"href":"https:\/\/www.solargard.com\/tr\/wp-json\/wp\/v2\/product"}],"about":[{"href":"https:\/\/www.solargard.com\/tr\/wp-json\/wp\/v2\/types\/product"}],"replies":[{"embeddable":true,"href":"https:\/\/www.solargard.com\/tr\/wp-json\/wp\/v2\/comments?post=94824"}],"wp:featuredmedia":[{"embeddable":true,"href":"https:\/\/www.solargard.com\/tr\/wp-json\/wp\/v2\/media\/84474"}],"wp:attachment":[{"href":"https:\/\/www.solargard.com\/tr\/wp-json\/wp\/v2\/media?parent=94824"}],"wp:term":[{"taxonomy":"product_brand","embeddable":true,"href":"https:\/\/www.solargard.com\/tr\/wp-json\/wp\/v2\/product_brand?post=94824"},{"taxonomy":"product_cat","embeddable":true,"href":"https:\/\/www.solargard.com\/tr\/wp-json\/wp\/v2\/product_cat?post=94824"},{"taxonomy":"product_tag","embeddable":true,"href":"https:\/\/www.solargard.com\/tr\/wp-json\/wp\/v2\/product_tag?post=94824"}],"curies":[{"name":"wp","href":"https:\/\/api.w.org\/{rel}","templated":true}]}}