{"id":57337,"date":"2017-05-31T05:02:43","date_gmt":"2017-05-31T05:02:43","guid":{"rendered":"https:\/\/www.solargard.com\/uk\/?page_id=57337"},"modified":"2018-02-20T08:25:42","modified_gmt":"2018-02-20T08:25:42","slug":"featured-partner","status":"publish","type":"page","link":"https:\/\/www.solargard.com\/uk\/featured-partner\/","title":{"rendered":"Featured Partner"},"content":{"rendered":"<div class=\"wpb-content-wrapper\"><p>[vc_row full_width=&#8221;stretch_row&#8221; el_class=&#8221;light-blue-row&#8221;][vc_column][vc_column_text]<\/p>\n<h4 style=\"text-align: center;\">As a leading manufacturer of window film and paint protection film, Solar Gard is proud<br \/>\nto partner with an impressive network of skilled artisans, business leaders, and entrepreneurs.<br \/>\nIn celebration of those dealers and installers,\u00a0 we will highlight Solar Gard&#8217;s exceptional partners, one by one.<\/h4>\n<h4 style=\"text-align: center;\"><strong>We are excited to recognize our outstanding dealers and we look forward to sharing their compelling stories!<\/strong><\/h4>\n<p>[\/vc_column_text][\/vc_column][\/vc_row][vc_row el_class=&#8221;title_page_partner1&#8243;][vc_column css=&#8221;.vc_custom_1500612435766{padding-top: -20px !important;padding-bottom: -20px !important;}&#8221; el_class=&#8221;title_page_partner_row&#8221;][vc_raw_html el_class=&#8221;title_page_partner_main&#8221;]JTNDaDElMjBzdHlsZSUzRCUyMnRleHQtYWxpZ24lM0ElMjBjZW50ZXIlM0IlMjBjb2xvciUzQSUyMCUyMzAwN0RCMSUzQiUyMGZvbnQtc2l6ZSUzQSUyMDMwcHglM0IlMjIlM0UlM0NzdHJvbmclM0VUSElTJTIwTU9OVEglMjdTJTIwRkVBVFVSRUQlMjBQQVJUTkVSJTNDJTJGc3Ryb25nJTNFJTNDJTJGaDElM0U=[\/vc_raw_html][\/vc_column][\/vc_row][vc_row el_class=&#8221;new_future&#8221;][vc_column width=&#8221;1\/2&#8243;][vc_raw_html el_class=&#8221;title_page_partner&#8221;]JTNDaDMlMjBzdHlsZSUzRCUyMnRleHQtYWxpZ24lM0ElMjBsZWZ0JTNCY29sb3IlM0ElMjAlMjMwMDdEQjElM0Jmb250LXNpemUlM0ElMjAzMHB4JTNCJTIyJTNFJTNDc3Ryb25nJTNFR0xBU1NQUk9URUNUJTNDJTJGc3Ryb25nJTNFJTNDJTJGaDMlM0U=[\/vc_raw_html][vc_column_text]<\/p>\n<div style=\"text-align: left;\" align=\"center\">\n<h4><strong>Congratulations to Solar Gard Premium Partner GlassProtect Glassfolies on being named this month&#8217;s Solar Gard 2018 Featured Partner in EMEA!<br \/>\n<\/strong><\/h4>\n<h3><\/h3>\n<\/div>\n<div style=\"text-align: left;\" align=\"center\">\n<h4>Ronald Klarholz, Owner of GlassProtect Glasfolies, took a moment to answer our questions regarding his successful business:<\/h4>\n<h3><\/h3>\n<\/div>\n<p><strong>When and why did you decide to start your own business?<\/strong><\/p>\n<p>I\u2019ve been in window film for a very long time. Together with my father, we used to sell pre-cut automotive ready-to-install kits in Europe. I did start my own business in 2002. I was one of the first companies in The Netherlands to offer high quality service for architectural window film.<\/p>\n<p><strong>What is the most exciting part of having your own business?<\/strong><\/p>\n<p>I do like being responsible for the full process in my business: from marketing and communications over sales, all the way to the installation of the product. My customers do appreciate this!<\/p>\n<p><strong>What is the most challenging part of running your business? How do you tackle that challenge?<\/strong><\/p>\n<p>Over the years, many competitors did enter the market. Why would they pick me? I had to find ways to differentiate and to offer the best package for potential customers. I did become an official Solar Gard dealer, the partnership I have with Saint-Gobain Solar Gard does help to win jobs.<\/p>\n<p><strong>What 3 things have been critical to your success?<\/strong><\/p>\n<ol>\n<li>I\u2019m always honest to customers.<\/li>\n<li>I do make sure I have all the knowledge on solar films and glazing.<\/li>\n<li>I do specialize in window film only, no other products.<\/li>\n<\/ol>\n<p><strong>How do you differentiate your business from competitors?<\/strong><\/p>\n<p>I do specialize in window films only and I do represent a well-known and high quality brand.<\/p>\n<p><strong>What do your customers compliment you on?<\/strong><\/p>\n<p>The customers do appreciate my fast and professional replies and short delivery time.<\/p>\n<p><span>Learn more about this &#8220;film star team&#8221; at<\/span><span>\u00a0<\/span><strong><a href=\"https:\/\/glassprotect.nl\/\" target=\"_blank\" rel=\"noopener\" shape=\"rect\">www.glassprotect.nl<\/a><\/strong>[\/vc_column_text][\/vc_column][vc_column width=&#8221;1\/2&#8243;][vc_single_image image=&#8221;69658&#8243; img_size=&#8221;full&#8221; alignment=&#8221;center&#8221;][vc_column_text]<\/p>\n<p>[\/vc_column_text][\/vc_column][\/vc_row][vc_row full_width=&#8221;stretch_row&#8221; el_class=&#8221;light-blue-row na_feature_partner&#8221;][vc_column el_class=&#8221;gray-title&#8221;]<div class=\"section-title text-center\"><h2 class=\"\">PREVIOUS FEATURED PARTNERS<\/h2><\/div>[vc_row_inner][vc_column_inner el_class=&#8221;bordered&#8221; width=&#8221;1\/2&#8243;][vc_single_image image=&#8221;69638&#8243; img_size=&#8221;full&#8221;][vc_column_text]<\/p>\n<h3 class=\"p_title\"><strong>OCTOBER: VETROX<\/strong><\/h3>\n<p><strong>Apart from starting your own business, what is the most important decision you have made that has contributed to your success?<br \/>\n<em>A part le fait de devenir ind\u00e9pendant, quelle est\u00a0 la d\u00e9cision la plus importante\u00a0que\u00a0vous avez prise qui a contribu\u00e9 \u00e0 votre r\u00e9ussite\u00a0?<\/em><br \/>\n<\/strong><\/p>\n<p>The association with the right people, good partners, good suppliers, Solar Gard is one example.<br \/>\n<em>L\u2019association avec les bonnes personnes, les bons partenaires, les bons fournisseurs, Solar Gard en est un exemple.<\/em><\/p>\n<p><strong>What is the best advice you have taken?<br \/>\n<em>Quel est le meilleur conseil que vous ayez suivi ?<\/em><br \/>\n<\/strong><\/p>\n<p>To believe in one&#8217;s convictions and abilities.<br \/>\n<em>De croire dans ses convictions et ses capacit\u00e9s.<\/em><\/p>\n<p><strong>What inspires you?<br \/>\n<em>Qu\u2019est-ce qui vous inspire ?<\/em><br \/>\n<\/strong><\/p>\n<p>Innovation.<br \/>\n<em>L\u2019innovation.<\/em><\/p>\n<p><strong>What do you like about Solar Gard products?<\/strong><\/p>\n<div class=\"read_more_extra4 btn btn-primary\" style=\"font-size: 14px;\">READ MORE<\/div>\n<div class=\"extra_content4\" style=\"display: none;\">\n<p><em>Qu\u2019aimez \u2013vous dans les produits Solar Gard ?<\/em><\/p>\n<p>The quality, the durability of the products, the notoriety and the advanced technology of the films proposed in the range.<br \/>\n<em>La qualit\u00e9, la durabilit\u00e9 des produits, la notori\u00e9t\u00e9, la technologie de pointe des films propos\u00e9s dans la gamme.<\/em><\/p>\n<p><strong>Why do you choose to partner with Solar Gard?<br \/>\n<em>Pourquoi choisissez-vous de vous associer \u00e0 Solar Gard ?<\/em><br \/>\n<\/strong><\/p>\n<p>The transparency, the responsiveness, the professionalism and the sympathy of the teams for many years.\u00a0Solar Gard shares the same passion for innovation as Vetrox!<br \/>\n<em>La transparence, la r\u00e9activit\u00e9, le professionnalisme et la sympathie des \u00e9quipes depuis de nombreuses ann\u00e9es. Solar Gard partage la m\u00eame passion pour l\u2019innovation que Vetrox\u00a0!<\/em><\/p>\n<p><strong>What is the car of your dreams?<br \/>\n<em>Que est la voiture de vos r\u00eaves ?<\/em><br \/>\n<\/strong><\/p>\n<p>Ford Mustang 72.<br \/>\n<em>Ford Mustang 72.<\/em><\/p>\n<p><strong>Learn more about this exceptional Solar Gard partner at<br \/>\n<a href=\"http:\/\/www.vetrox.fr\/films-sur-vitrage\" target=\"_blank\" rel=\"noopener\">http:\/\/vetrox.fr\/<\/a><\/strong><\/p>\n<\/div>\n<div class=\"show_less_content4 btn btn-primary\" style=\"display: none; padding: 1px 10px; margin: 5px; font-size: 14px;\">READ LESS<\/div>\n<p>[\/vc_column_text][\/vc_column_inner][vc_column_inner el_class=&#8221;bordered&#8221; width=&#8221;1\/2&#8243;][vc_single_image image=&#8221;62232&#8243; img_size=&#8221;full&#8221;][vc_column_text]<\/p>\n<h3 class=\"p_title\"><strong>AUGUST: DURABLE<\/strong><\/h3>\n<p>As the recent recipient of Solar Gard\u2019s Lifetime Achievement Award, this month\u2019s Featured Partner, <strong>Durable Ltd<\/strong>., has a long-standing commitment to window film. We wanted this unique team to tell their story \u2013 their way.<\/p>\n<p><strong>Durable Solar Control Ltd<\/strong>. first set up business almost 50 years ago, making us the oldest window film company in Europe. While Buzz Aldrin was landing on the moon and millions of American youth converging on a farm in Woodstock, NY, we were busy creating an organization to serve the rapidly growing demand for glass tinting. <strong>And almost 45 years ago, Durable and Solar Gard became partners, enjoying a successful relationship ever since.<\/strong><\/p>\n<p style=\"padding-left: 30px;\">\u201cI started in 1982 with Durable on what was to be a yearlong stay. 35 years later I am still here, along with my fellow Directors Nick and Tony \u2013 who both have worked for Durable for well over 40 years \u2013 and many of our team\u2019s veterans with decades of service to the window film marketplace. We must be doing something right!\u201d<\/p>\n<p style=\"padding-left: 30px;\">&#8211; Peter Barnes, Director, Durable<\/p>\n<p><strong>Durable<\/strong> has a great pedigree and an unrivaled heritage (not to mention 130 years of industry tenure between just Peter, Nick and Tony!). We continue to go from strength to strength, pairing our years of experience and knowledge with a focus on developing new products and markets.<\/p>\n<div class=\"read_more_extra3 btn btn-primary\" style=\"font-size: 14px;\">READ MORE<\/div>\n<div class=\"extra_content3\" style=\"display: none;\">\n<p>(And if you\u2019re still not convinced that 1969 was a good year for film, just remember these classics it brought us: \u201cThe Italian Job,\u201d \u201cButch Cassidy &amp; The Sundance Kid,\u201d Easy Rider,\u201d \u201cKes,\u201d True Grit\u201d and \u201cThe Wild Bunch.\u201d)<\/p>\n<p>Thank you, <strong>Durable<\/strong> \u2013 we couldn\u2019t have done a better job ourselves.<br \/>\n<strong>Learn more about Durable\u2019s legacy at <a href=\"http:\/\/durable.co.uk\/\" target=\"_blank\" rel=\"noopener\">http:\/\/durable.co.uk\/<br \/>\n<\/a>Follow Durable&#8217;s Blog at\u00a0<a href=\"http:\/\/durable.co.uk\/blog\/\" target=\"_blank\" rel=\"noopener\">http:\/\/durable.co.uk\/blog\/<\/a><\/strong><\/p>\n<\/div>\n<div class=\"show_less_content3 btn btn-primary\" style=\"display: none; padding: 1px 10px; margin: 5px; font-size: 14px;\">READ LESS<\/div>\n<p>[\/vc_column_text][\/vc_column_inner][\/vc_row_inner][vc_empty_space][vc_row_inner][vc_column_inner width=&#8221;1\/2&#8243;][vc_single_image image=&#8221;59673&#8243; img_size=&#8221;full&#8221;][vc_column_text]<\/p>\n<h3 class=\"p_title\"><strong>JULY: M\u00c4LARFILM<\/strong><\/h3>\n<p>Congratulations to Urban H\u00e4gg, Owner of M\u00c4LARFILM in Sweden, on being named Solar Gard\u2019s July 2017 Featured Partner \u2013 Europe! He took a moment to share some valuable insight into his operations and continued success:<\/p>\n<p><strong>What made you take the leap into entrepreneurship?<\/strong><\/p>\n<p>I started my business in 2004. I found the architectural window film business to be very interesting and the window film product was without any doubt a product for the future.<\/p>\n<p><strong>What is the most challenging part of running your business? How do you tackle that challenge?<\/strong><\/p>\n<p>When installing exterior window film, the weather has to be right to get great results. Planning, scheduling and preparing is key to tackling that challenge.<\/p>\n<p><strong>What do you enjoy most about your business? <\/strong><\/p>\n<p>I enjoy meeting new people every day and it\u2019s rewarding when your customers are satisfied with your work. Also, I appreciate having flexibility when planning my days.<\/p>\n<p><strong>What 3 things have been critical to your success?<\/strong><\/p>\n<p class=\"executed_copy\">\u2022 Well executed installations.<\/p>\n<div class=\"read_more_extra2 btn btn-primary\" style=\"font-size: 14px;\">READ MORE<\/div>\n<div class=\"extra_content2\" style=\"display: none;\">\n<p>\u2022 Don\u2019t promise more than what the film performs and what we can deliver.<br \/>\n\u2022 Nice and professional reception.<\/p>\n<p><strong class=\"business_from_competitors\">How do you differentiate your business from competitors?<\/strong><br \/>\n<b><\/b><br \/>\n<b><\/b> I\u2019m flexible. No job is too small, too big or too far away!<\/p>\n<p><strong>Why do you partner with Solar Gard?<\/strong><\/p>\n<p>\u2022 The products deliver on what they promise.<br \/>\n\u2022 The Saint-Gobain \/ Solar Gard brand is a reputable and well-known in our business.<br \/>\n\u2022 Support is always available if questions or problems should occur.<\/p>\n<p><strong>What\u2019s your business motto?<\/strong><\/p>\n<p>The right film \u2013 on the right glazing system \u2013 at the right price!<br \/>\nThank you, Urban!<\/p>\n<p><strong>Learn more about this exceptional Solar Gard partner at<br \/>\n<a href=\"http:\/\/malarfilm.se\/\" target=\"_blank\" rel=\"noopener\">http:\/\/malarfilm.se\/<\/a><\/strong><\/p>\n<\/div>\n<div class=\"show_less_content2 btn btn-primary\" style=\"display: none; padding: 1px 10px; margin: 5px; font-size: 14px;\">READ LESS<\/div>\n<p>[\/vc_column_text][\/vc_column_inner][vc_column_inner width=&#8221;1\/2&#8243;][vc_single_image image=&#8221;59655&#8243; img_size=&#8221;full&#8221; el_class=&#8221;window_img&#8221;][vc_column_text]<\/p>\n<h3 class=\"p_title\"><strong>JUNE: LUNA GLASS TINTING<\/strong><\/h3>\n<p>Congratulations to Paul Machielsen, Founder &amp; Owner of Luna Glass Tinting in Best, Netherlands, on being named Solar Gard\u2019s June 2017 Featured Partner \u2013 European Union.<\/p>\n<p>Mr. Machielsen took a few moments to share some valuable insight into his business and continued success:<\/p>\n<p><strong>What is the most challenging part of running your business? How do you tackle that challenge?<\/strong><\/p>\n<p>Constantly staying ahead of the market, and being the first on new market trends, is my primary strategic challenge.<\/p>\n<p>By following the market and consumer needs very closely, I am able to set myself apart from what is currently offered by competitors, or provide it in a new way. When I started, window film was on the market for more than 20 years in The Netherlands \u2013 I gave it a new twist!<\/p>\n<div class=\"read_more_extra1 btn btn-primary\" style=\"font-size: 14px;\">READ MORE<\/div>\n<div class=\"extra_content1\" style=\"display: none;\">\n<p><strong>When and why did you decide to start your own business?<\/strong><\/p>\n<p>While working as a trainer for a window film supplier in The Netherlands, I strongly believed in the potential of the window film business and saw a growing market for professional window film installers.<\/p>\n<p>In 2000 I decided to start my own business and began by offering automotive window film, eventually growing my service offerings to include architectural installation and paint protection film.<\/p>\n<p><strong> What is the most exciting part of owning your business?<\/strong><\/p>\n<p>I love engaging with the consumer. It\u2019s a good feeling to deliver a perfectly tinted car or hear positive feedback from customers about the temperature comfort in their building.<\/p>\n<p><strong> What has been critical to your success?<\/strong><\/p>\n<p><b>Top Service:<\/b> I built a professional network providing exceptional service, perfect installations and added value to the product \u2013 completely differentiating Luna from our competition.<\/p>\n<p><b>Consultative Sales:<\/b> We are not salespeople, we are advising customers based on experience and knowledge, and that\u2019s our strength. Our main goal is to fulfill the customer\u2019s needs and expectations.<\/p>\n<p><strong>What do your customers compliment you on?<\/strong><\/p>\n<p>The final result and performance of the product, as well as our service before and after the sale.<\/p>\n<p><strong> What value do Solar Gard products bring to your business?<\/strong><\/p>\n<p>Solar Gard offers good products, quality, and service. We value a global company that provides localized support, technical expertise, test reports and certifications.<\/p>\n<p><strong>Why do you partner with Solar Gard?<\/strong><\/p>\n<p>In one word: support.<\/p>\n<p>I value having a contact person who\u2019s close to my business in many ways and \u2013 in our complex market of special glazing systems \u2013 it\u2019s especially important to partner with a company who has the technical knowledge and expertise.<\/p>\n<p class=\"thanks\">Thank you, Paul!<\/p>\n<p class=\"thanks2\"><strong>Learn more about this impressive Solar Gard partner at<br \/>\n<a class=\"link_title1\" href=\"http:\/\/lunaglasstinting.nl\/\" target=\"_blank\" rel=\"noopener\"> www.lunaglasstinting.nl<\/a><br \/>\n<\/strong><\/p>\n<\/div>\n<div class=\"show_less_content1 btn btn-primary\" style=\"display: none; padding: 1px 10px; margin: 5px; font-size: 14px;\">READ LESS<\/div>\n<p>[\/vc_column_text][\/vc_column_inner][\/vc_row_inner][vc_column_text css=&#8221;.vc_custom_1502736604044{border-top-width: 0px !important;border-bottom-width: 0px !important;}&#8221;]<\/p>\n<h4 style=\"text-align: center;\">Are you a Solar Gard dealer? Email <strong><a href=\"mailto:info.emea@solargard.com\"> info.emea@solargard.com <\/a><\/strong> to become the next Solar Gard Featured Partner!<\/h4>\n<p>[\/vc_column_text][vc_empty_space][vc_row_inner][vc_column_inner width=&#8221;1\/4&#8243;][\/vc_column_inner][vc_column_inner width=&#8221;1\/4&#8243;][vc_btn title=&#8221;ARCHITECTURE&#8221; style=&#8221;flat&#8221; shape=&#8221;square&#8221; color=&#8221;primary&#8221; align=&#8221;center&#8221; link=&#8221;url:http%3A%2F%2Fwww.solargard.com%2Fhome-and-business%2Fhome-and-business-products%2F|||&#8221;][\/vc_column_inner][vc_column_inner width=&#8221;1\/4&#8243;][vc_btn title=&#8221;AUTOMOTIVE&#8221; style=&#8221;flat&#8221; shape=&#8221;square&#8221; color=&#8221;primary&#8221; align=&#8221;center&#8221; link=&#8221;url:http%3A%2F%2Fwww.solargard.com%2Fautomotive%2Fautomotive-products%2F|||&#8221;][\/vc_column_inner][vc_column_inner width=&#8221;1\/4&#8243;][\/vc_column_inner][\/vc_row_inner][\/vc_column][\/vc_row]<\/p>\n<\/div>","protected":false},"excerpt":{"rendered":"<p>[vc_row full_width=&#8221;stretch_row&#8221; el_class=&#8221;light-blue-row&#8221;][vc_column][vc_column_text] As a leading manufacturer of window film and paint protection film, Solar Gard is proud to partner with an impressive network of skilled artisans, business leaders, and entrepreneurs. In celebration of those dealers and installers,\u00a0 we will highlight Solar Gard&#8217;s exceptional partners, one by one. We are excited to recognize our outstanding &hellip; <a href=\"https:\/\/www.solargard.com\/uk\/featured-partner\/\">Continued<\/a><\/p>\n","protected":false},"author":27,"featured_media":57471,"parent":0,"menu_order":0,"comment_status":"closed","ping_status":"closed","template":"","meta":{"_acf_changed":false,"footnotes":""},"class_list":["post-57337","page","type-page","status-publish","has-post-thumbnail","hentry"],"acf":[],"_links":{"self":[{"href":"https:\/\/www.solargard.com\/uk\/wp-json\/wp\/v2\/pages\/57337","targetHints":{"allow":["GET"]}}],"collection":[{"href":"https:\/\/www.solargard.com\/uk\/wp-json\/wp\/v2\/pages"}],"about":[{"href":"https:\/\/www.solargard.com\/uk\/wp-json\/wp\/v2\/types\/page"}],"author":[{"embeddable":true,"href":"https:\/\/www.solargard.com\/uk\/wp-json\/wp\/v2\/users\/27"}],"replies":[{"embeddable":true,"href":"https:\/\/www.solargard.com\/uk\/wp-json\/wp\/v2\/comments?post=57337"}],"version-history":[{"count":0,"href":"https:\/\/www.solargard.com\/uk\/wp-json\/wp\/v2\/pages\/57337\/revisions"}],"wp:featuredmedia":[{"embeddable":true,"href":"https:\/\/www.solargard.com\/uk\/wp-json\/wp\/v2\/media\/57471"}],"wp:attachment":[{"href":"https:\/\/www.solargard.com\/uk\/wp-json\/wp\/v2\/media?parent=57337"}],"curies":[{"name":"wp","href":"https:\/\/api.w.org\/{rel}","templated":true}]}}